{"id":25,"date":"2024-07-29T07:25:46","date_gmt":"2024-07-29T07:25:46","guid":{"rendered":"https:\/\/jgemeinde-bs.de\/?page_id=25"},"modified":"2026-04-20T09:38:12","modified_gmt":"2026-04-20T07:38:12","slug":"kontakt","status":"publish","type":"page","link":"https:\/\/jgemeinde-bs.de\/ru\/kontakt\/","title":{"rendered":"\u041a\u043e\u043d\u0442\u0430\u043a\u0442\u044b"},"content":{"rendered":"<div data-elementor-type=\"wp-page\" data-elementor-id=\"25\" class=\"elementor elementor-25\" data-elementor-post-type=\"page\">\n\t\t\t\t<div class=\"elementor-element elementor-element-6ede2c3 e-con-full e-flex e-con e-parent\" data-id=\"6ede2c3\" data-element_type=\"container\">\n\t\t<div class=\"elementor-element elementor-element-cf01dbe e-con-full e-flex e-con e-child\" data-id=\"cf01dbe\" data-element_type=\"container\">\n\t\t\t\t<div class=\"elementor-element elementor-element-b9f3e5d elementor-widget elementor-widget-heading\" data-id=\"b9f3e5d\" data-element_type=\"widget\" data-widget_type=\"heading.default\">\n\t\t\t\t<div class=\"elementor-widget-container\">\n\t\t\t\t\t<h2 class=\"elementor-heading-title elementor-size-default\">\u041a\u043e\u043d\u0442\u0430\u043a\u0442\u043d\u043e\u0435 \u043b\u0438\u0446\u043e<\/h2>\t\t\t\t<\/div>\n\t\t\t\t<\/div>\n\t\t\t\t<div class=\"elementor-element elementor-element-07b7abb elementor-widget elementor-widget-accordion\" data-id=\"07b7abb\" data-element_type=\"widget\" data-widget_type=\"accordion.default\">\n\t\t\t\t<div class=\"elementor-widget-container\">\n\t\t\t\t\t\t\t<div class=\"elementor-accordion\">\n\t\t\t\t\t\t\t<div class=\"elementor-accordion-item\">\n\t\t\t\t\t<div id=\"elementor-tab-title-8091\" class=\"elementor-tab-title\" data-tab=\"1\" role=\"button\" aria-controls=\"elementor-tab-content-8091\" aria-expanded=\"false\">\n\t\t\t\t\t\t\t\t\t\t\t\t\t<span class=\"elementor-accordion-icon elementor-accordion-icon-left\" aria-hidden=\"true\">\n\t\t\t\t\t\t\t\t\t\t\t\t\t\t\t<span class=\"elementor-accordion-icon-closed\"><svg class=\"e-font-icon-svg e-fas-plus\" viewbox=\"0 0 448 512\" xmlns=\"http:\/\/www.w3.org\/2000\/svg\"><path d=\"M416 208H272V64c0-17.67-14.33-32-32-32h-32c-17.67 0-32 14.33-32 32v144H32c-17.67 0-32 14.33-32 32v32c0 17.67 14.33 32 32 32h144v144c0 17.67 14.33 32 32 32h32c17.67 0 32-14.33 32-32V304h144c17.67 0 32-14.33 32-32v-32c0-17.67-14.33-32-32-32z\"><\/path><\/svg><\/span>\n\t\t\t\t\t\t\t\t<span class=\"elementor-accordion-icon-opened\"><svg class=\"e-font-icon-svg e-fas-minus\" viewbox=\"0 0 448 512\" xmlns=\"http:\/\/www.w3.org\/2000\/svg\"><path d=\"M416 208H32c-17.67 0-32 14.33-32 32v32c0 17.67 14.33 32 32 32h384c17.67 0 32-14.33 32-32v-32c0-17.67-14.33-32-32-32z\"><\/path><\/svg><\/span>\n\t\t\t\t\t\t\t\t\t\t\t\t\t\t<\/span>\n\t\t\t\t\t\t\t\t\t\t\t\t<a class=\"elementor-accordion-title\" tabindex=\"0\">\u041e\u0444\u0438\u0441<\/a>\n\t\t\t\t\t<\/div>\n\t\t\t\t\t<div id=\"elementor-tab-content-8091\" class=\"elementor-tab-content elementor-clearfix\" data-tab=\"1\" role=\"region\" aria-labelledby=\"elementor-tab-title-8091\"><p>\u0427\u0430\u0441\u044b \u0440\u0430\u0431\u043e\u0442\u044b \u043e\u0444\u0438\u0441\u0430: \u0432\u0442\u043e\u0440\u043d\u0438\u043a \u0438 \u0447\u0435\u0442\u0432\u0435\u0440\u0433 \u0441 10:00 \u0434\u043e 12:00, \u0430 \u0442\u0430\u043a\u0436\u0435 \u043f\u043e \u043f\u0440\u0435\u0434\u0432\u0430\u0440\u0438\u0442\u0435\u043b\u044c\u043d\u043e\u0439 \u0437\u0430\u043f\u0438\u0441\u0438.<\/p><p>\u0422\u0435\u043b\u0435\u0444\u043e\u043d: 0531 45536<\/p><p>E-mail: info@jgemeinde-bs.de<\/p><\/div>\n\t\t\t\t<\/div>\n\t\t\t\t\t\t\t<div class=\"elementor-accordion-item\">\n\t\t\t\t\t<div id=\"elementor-tab-title-8092\" class=\"elementor-tab-title\" data-tab=\"2\" role=\"button\" aria-controls=\"elementor-tab-content-8092\" aria-expanded=\"false\">\n\t\t\t\t\t\t\t\t\t\t\t\t\t<span class=\"elementor-accordion-icon elementor-accordion-icon-left\" aria-hidden=\"true\">\n\t\t\t\t\t\t\t\t\t\t\t\t\t\t\t<span class=\"elementor-accordion-icon-closed\"><svg class=\"e-font-icon-svg e-fas-plus\" viewbox=\"0 0 448 512\" xmlns=\"http:\/\/www.w3.org\/2000\/svg\"><path d=\"M416 208H272V64c0-17.67-14.33-32-32-32h-32c-17.67 0-32 14.33-32 32v144H32c-17.67 0-32 14.33-32 32v32c0 17.67 14.33 32 32 32h144v144c0 17.67 14.33 32 32 32h32c17.67 0 32-14.33 32-32V304h144c17.67 0 32-14.33 32-32v-32c0-17.67-14.33-32-32-32z\"><\/path><\/svg><\/span>\n\t\t\t\t\t\t\t\t<span class=\"elementor-accordion-icon-opened\"><svg class=\"e-font-icon-svg e-fas-minus\" viewbox=\"0 0 448 512\" xmlns=\"http:\/\/www.w3.org\/2000\/svg\"><path d=\"M416 208H32c-17.67 0-32 14.33-32 32v32c0 17.67 14.33 32 32 32h384c17.67 0 32-14.33 32-32v-32c0-17.67-14.33-32-32-32z\"><\/path><\/svg><\/span>\n\t\t\t\t\t\t\t\t\t\t\t\t\t\t<\/span>\n\t\t\t\t\t\t\t\t\t\t\t\t<a class=\"elementor-accordion-title\" tabindex=\"0\">\u0421\u043e\u0446\u0438\u0430\u043b\u044c\u043d\u0430\u044f \u0440\u0430\u0431\u043e\u0442\u0430<\/a>\n\t\t\t\t\t<\/div>\n\t\t\t\t\t<div id=\"elementor-tab-content-8092\" class=\"elementor-tab-content elementor-clearfix\" data-tab=\"2\" role=\"region\" aria-labelledby=\"elementor-tab-title-8092\"><p><strong>\u041f\u0440\u0438\u0451\u043c\u043d\u044b\u0435 \u0447\u0430\u0441\u044b:<\/strong>\u00a0\u041f\u043e \u0432\u0442\u043e\u0440\u043d\u0438\u043a\u0430\u043c \u0438 \u0447\u0435\u0442\u0432\u0435\u0440\u0433\u0430\u043c \u0441 10:00 \u0434\u043e 12:00, \u0430 \u0442\u0430\u043a\u0436\u0435 \u043f\u043e \u043f\u0440\u0435\u0434\u0432\u0430\u0440\u0438\u0442\u0435\u043b\u044c\u043d\u043e\u0439 \u0437\u0430\u043f\u0438\u0441\u0438.<\/p><p><strong>\u0422\u0435\u043b.:<\/strong> 0531 45536<\/p><p><strong>Email:<\/strong> jg-bs-sozialarbeiter@gmx.de<\/p><\/div>\n\t\t\t\t<\/div>\n\t\t\t\t\t\t\t<div class=\"elementor-accordion-item\">\n\t\t\t\t\t<div id=\"elementor-tab-title-8093\" class=\"elementor-tab-title\" data-tab=\"3\" role=\"button\" aria-controls=\"elementor-tab-content-8093\" aria-expanded=\"false\">\n\t\t\t\t\t\t\t\t\t\t\t\t\t<span class=\"elementor-accordion-icon elementor-accordion-icon-left\" aria-hidden=\"true\">\n\t\t\t\t\t\t\t\t\t\t\t\t\t\t\t<span class=\"elementor-accordion-icon-closed\"><svg class=\"e-font-icon-svg e-fas-plus\" viewbox=\"0 0 448 512\" xmlns=\"http:\/\/www.w3.org\/2000\/svg\"><path d=\"M416 208H272V64c0-17.67-14.33-32-32-32h-32c-17.67 0-32 14.33-32 32v144H32c-17.67 0-32 14.33-32 32v32c0 17.67 14.33 32 32 32h144v144c0 17.67 14.33 32 32 32h32c17.67 0 32-14.33 32-32V304h144c17.67 0 32-14.33 32-32v-32c0-17.67-14.33-32-32-32z\"><\/path><\/svg><\/span>\n\t\t\t\t\t\t\t\t<span class=\"elementor-accordion-icon-opened\"><svg class=\"e-font-icon-svg e-fas-minus\" viewbox=\"0 0 448 512\" xmlns=\"http:\/\/www.w3.org\/2000\/svg\"><path d=\"M416 208H32c-17.67 0-32 14.33-32 32v32c0 17.67 14.33 32 32 32h384c17.67 0 32-14.33 32-32v-32c0-17.67-14.33-32-32-32z\"><\/path><\/svg><\/span>\n\t\t\t\t\t\t\t\t\t\t\t\t\t\t<\/span>\n\t\t\t\t\t\t\t\t\t\t\t\t<a class=\"elementor-accordion-title\" tabindex=\"0\">\u0425\u0435\u0432\u0440\u0430 \u041a\u0430\u0434\u0438\u0448\u0430<\/a>\n\t\t\t\t\t<\/div>\n\t\t\t\t\t<div id=\"elementor-tab-content-8093\" class=\"elementor-tab-content elementor-clearfix\" data-tab=\"3\" role=\"region\" aria-labelledby=\"elementor-tab-title-8093\"><p>\u0427\u0430\u0441\u044b \u0440\u0430\u0431\u043e\u0442\u044b:\u00a0<\/p><p>\u0422\u0435\u043b\u0435\u0444\u043e\u043d: 0531 45536<\/p><\/div>\n\t\t\t\t<\/div>\n\t\t\t\t\t\t\t\t\t\t<script type=\"application\/ld+json\">{\"@context\":\"https:\\\/\\\/schema.org\",\"@type\":\"FAQPage\",\"mainEntity\":[{\"@type\":\"Question\",\"name\":\"B\\u00fcro\",\"acceptedAnswer\":{\"@type\":\"Answer\",\"text\":\"<p>B\\u00fcrozeiten: Dienstag und Donnerstag\\u00a0 10.00 &#8211; 12.00 Uhr und nach Vereinbarung<\\\/p><p>Tel.: 0531 45536<\\\/p><p>Email: info@jgemeinde-bs.de<\\\/p>\"}},{\"@type\":\"Question\",\"name\":\"Sozialarbeit\",\"acceptedAnswer\":{\"@type\":\"Answer\",\"text\":\"<p><strong>Sprechzeiten:<\\\/strong>\\u00a0Dienstag und Donnerstag 10.00-12.00 Uhr und nach Vereinbarung<\\\/p><p><strong>Tel.:<\\\/strong> 0531 45536<\\\/p><p><strong>Email:<\\\/strong> jg-bs-sozialarbeiter@gmx.de<\\\/p>\"}},{\"@type\":\"Question\",\"name\":\"Chewra Kadischa\",\"acceptedAnswer\":{\"@type\":\"Answer\",\"text\":\"<p>B\\u00fcrozeiten:\\u00a0<\\\/p><p>Tel.: 0531 45536<\\\/p>\"}}]}<\/script>\n\t\t\t\t\t<\/div>\n\t\t\t\t\t\t<\/div>\n\t\t\t\t<\/div>\n\t\t\t\t<\/div>\n\t\t<div class=\"elementor-element elementor-element-ea0f56d e-con-full e-flex e-con e-child\" data-id=\"ea0f56d\" data-element_type=\"container\">\n\t\t\t\t<div class=\"elementor-element elementor-element-dcbc3ab elementor-widget elementor-widget-heading\" data-id=\"dcbc3ab\" data-element_type=\"widget\" data-widget_type=\"heading.default\">\n\t\t\t\t<div class=\"elementor-widget-container\">\n\t\t\t\t\t<h2 class=\"elementor-heading-title elementor-size-default\">\u0421\u0434\u0435\u043b\u0430\u0442\u044c \u0437\u0430\u043f\u0440\u043e\u0441<\/h2>\t\t\t\t<\/div>\n\t\t\t\t<\/div>\n\t\t\t\t<div class=\"elementor-element elementor-element-60ad251 elementor-button-align-stretch elementor-widget elementor-widget-form\" data-id=\"60ad251\" data-element_type=\"widget\" data-settings=\"{&quot;step_next_label&quot;:&quot;Next&quot;,&quot;step_previous_label&quot;:&quot;Previous&quot;,&quot;step_type&quot;:&quot;none&quot;,&quot;step_icon_shape&quot;:&quot;none&quot;,&quot;button_width&quot;:&quot;100&quot;}\" data-widget_type=\"form.default\">\n\t\t\t\t<div class=\"elementor-widget-container\">\n\t\t\t\t\t\t\t<form class=\"elementor-form\" method=\"post\" name=\"Kontakt\" aria-label=\"\u041a\u043e\u043d\u0442\u0430\u043a\u0442\u044b\" action=\"\">\n\t\t\t<input type=\"hidden\" name=\"post_id\" value=\"25\"\/>\n\t\t\t<input type=\"hidden\" name=\"form_id\" value=\"60ad251\"\/>\n\t\t\t<input type=\"hidden\" name=\"referer_title\" value=\"Kontakt - J\u00fcdische Gemeinde Braunschweig K.d.\u00f6.R\" \/>\n\n\t\t\t\t\t\t\t<input type=\"hidden\" name=\"queried_id\" value=\"25\"\/>\n\t\t\t\n\t\t\t<div class=\"elementor-form-fields-wrapper elementor-labels-above\">\n\t\t\t\t\t\t\t\t<div class=\"elementor-field-type-text elementor-field-group elementor-column elementor-field-group-name elementor-col-100 elementor-field-required elementor-mark-required\">\n\t\t\t\t\t\t\t\t\t\t\t\t<label for=\"form-field-name\" class=\"elementor-field-label\">\n\t\t\t\t\t\t\t\t\u0438\u043c\u044f\t\t\t\t\t\t\t<\/label>\n\t\t\t\t\t\t\t\t\t\t\t\t\t\t<input size=\"1\" type=\"text\" name=\"form_fields[name]\" id=\"form-field-name\" class=\"elementor-field elementor-size-sm  elementor-field-textual\" placeholder=\"\u041f\u043e\u0436\u0430\u043b\u0443\u0439\u0441\u0442\u0430, \u0432\u0432\u0435\u0434\u0438\u0442\u0435\" required=\"required\">\n\t\t\t\t\t\t\t\t\t\t\t<\/div>\n\t\t\t\t\t\t\t\t<div class=\"elementor-field-type-email elementor-field-group elementor-column elementor-field-group-email elementor-col-100 elementor-field-required elementor-mark-required\">\n\t\t\t\t\t\t\t\t\t\t\t\t<label for=\"form-field-email\" class=\"elementor-field-label\">\n\t\t\t\t\t\t\t\tEmail\t\t\t\t\t\t\t<\/label>\n\t\t\t\t\t\t\t\t\t\t\t\t\t\t<input size=\"1\" type=\"email\" name=\"form_fields[email]\" id=\"form-field-email\" class=\"elementor-field elementor-size-sm  elementor-field-textual\" placeholder=\"\u041f\u043e\u0436\u0430\u043b\u0443\u0439\u0441\u0442\u0430, \u0432\u0432\u0435\u0434\u0438\u0442\u0435\" required=\"required\">\n\t\t\t\t\t\t\t\t\t\t\t<\/div>\n\t\t\t\t\t\t\t\t<div class=\"elementor-field-type-textarea elementor-field-group elementor-column elementor-field-group-message elementor-col-100 elementor-field-required elementor-mark-required\">\n\t\t\t\t\t\t\t\t\t\t\t\t<label for=\"form-field-message\" class=\"elementor-field-label\">\n\t\t\t\t\t\t\t\t\u0412\u0430\u0448\u0435 \u0441\u043e\u043e\u0431\u0449\u0435\u043d\u0438\u0435 \u043d\u0430\u043c\t\t\t\t\t\t\t<\/label>\n\t\t\t\t\t\t<textarea class=\"elementor-field-textual elementor-field  elementor-size-sm\" name=\"form_fields[message]\" id=\"form-field-message\" rows=\"4\" required=\"required\"><\/textarea>\t\t\t\t<\/div>\n\t\t\t\t\t\t\t\t<div class=\"elementor-field-type-acceptance elementor-field-group elementor-column elementor-field-group-field_7168bb5 elementor-col-100 elementor-field-required elementor-mark-required\">\n\t\t\t\t\t\t\t<div class=\"elementor-field-subgroup\">\n\t\t\t<span class=\"elementor-field-option\">\n\t\t\t\t<input type=\"checkbox\" name=\"form_fields[field_7168bb5]\" id=\"form-field-field_7168bb5\" class=\"elementor-field elementor-size-sm  elementor-acceptance-field\" required=\"required\">\n\t\t\t\t<label for=\"form-field-field_7168bb5\">\u042f \u043f\u0440\u043e\u0447\u0438\u0442\u0430\u043b(\u0430) \u0438 \u043f\u0440\u0438\u043d\u0438\u043c\u0430\u044e <a href=\"\/ru\/datenschutz\/\" target=\"_blank\">\u041f\u043e\u043b\u0438\u0442\u0438\u043a\u0430 \u043a\u043e\u043d\u0444\u0438\u0434\u0435\u043d\u0446\u0438\u0430\u043b\u044c\u043d\u043e\u0441\u0442\u0438<\/a> .<\/label>\t\t\t<\/span>\n\t\t<\/div>\n\t\t\t\t\t\t<\/div>\n\t\t\t\t\t\t\t\t<div class=\"elementor-field-type-text\">\n\t\t\t\t\t<input size=\"1\" type=\"text\" name=\"form_fields[field_d55543a]\" id=\"form-field-field_d55543a\" class=\"elementor-field elementor-size-sm\" style=\"display:none !important;\">\t\t\t\t<\/div>\n\t\t\t\t\t\t\t\t<div class=\"elementor-field-group elementor-column elementor-field-type-submit elementor-col-100 e-form__buttons\">\n\t\t\t\t\t<button class=\"elementor-button elementor-size-sm\" type=\"submit\">\n\t\t\t\t\t\t<span class=\"elementor-button-content-wrapper\">\n\t\t\t\t\t\t\t\t\t\t\t\t\t\t\t<span class=\"elementor-button-icon\">\n\t\t\t\t\t\t\t\t\t<svg aria-hidden=\"true\" class=\"e-font-icon-svg e-fas-envelope\" viewbox=\"0 0 512 512\" xmlns=\"http:\/\/www.w3.org\/2000\/svg\"><path d=\"M502.3 190.8c3.9-3.1 9.7-.2 9.7 4.7V400c0 26.5-21.5 48-48 48H48c-26.5 0-48-21.5-48-48V195.6c0-5 5.7-7.8 9.7-4.7 22.4 17.4 52.1 39.5 154.1 113.6 21.1 15.4 56.7 47.8 92.2 47.6 35.7.3 72-32.8 92.3-47.6 102-74.1 131.6-96.3 154-113.7zM256 320c23.2.4 56.6-29.2 73.4-41.4 132.7-96.3 142.8-104.7 173.4-128.7 5.8-4.5 9.2-11.5 9.2-18.9v-19c0-26.5-21.5-48-48-48H48C21.5 64 0 85.5 0 112v19c0 7.4 3.4 14.3 9.2 18.9 30.6 23.9 40.7 32.4 173.4 128.7 16.8 12.2 50.2 41.8 73.4 41.4z\"><\/path><\/svg>\t\t\t\t\t\t\t\t\t\t\t\t\t\t\t\t\t<\/span>\n\t\t\t\t\t\t\t\t\t\t\t\t\t\t\t\t\t\t\t\t\t\t<span class=\"elementor-button-text\">\u041e\u0442\u043f\u0440\u0430\u0432\u0438\u0442\u044c \u0437\u0430\u043f\u0440\u043e\u0441<\/span>\n\t\t\t\t\t\t\t\t\t\t\t\t\t<\/span>\n\t\t\t\t\t<\/button>\n\t\t\t\t<\/div>\n\t\t\t<\/div>\n\t\t<input type=\"hidden\" name=\"trp-form-language\" value=\"ru\"\/><\/form>\n\t\t\t\t\t\t<\/div>\n\t\t\t\t<\/div>\n\t\t\t\t<\/div>\n\t\t\t\t<\/div>\n\t\t\t\t<\/div>","protected":false},"excerpt":{"rendered":"<p>Ansprechpartner B\u00fcro B\u00fcrozeiten: Dienstag und Donnerstag\u00a0 10.00 &#8211; 12.00 Uhr und nach Vereinbarung Tel.: 0531 45536 Email: info@jgemeinde-bs.de Sozialarbeit Sprechzeiten:\u00a0Dienstag und Donnerstag 10.00-12.00 Uhr und nach Vereinbarung Tel.: 0531 45536 Email: jg-bs-sozialarbeiter@gmx.de Chewra Kadischa B\u00fcrozeiten:\u00a0 Tel.: 0531 45536 Anfrage stellen<\/p>","protected":false},"author":1,"featured_media":0,"parent":0,"menu_order":0,"comment_status":"closed","ping_status":"closed","template":"","meta":{"footnotes":""},"class_list":["post-25","page","type-page","status-publish","hentry"],"yoast_head":"<!-- This site is optimized with the Yoast SEO plugin v26.4 - https:\/\/yoast.com\/wordpress\/plugins\/seo\/ -->\n<title>Kontakt - J\u00fcdische Gemeinde Braunschweig K.d.\u00f6.R<\/title>\n<meta name=\"robots\" content=\"index, follow, max-snippet:-1, max-image-preview:large, max-video-preview:-1\" \/>\n<link rel=\"canonical\" href=\"https:\/\/jgemeinde-bs.de\/ru\/kontakt\/\" \/>\n<meta property=\"og:locale\" content=\"ru_RU\" \/>\n<meta property=\"og:type\" content=\"article\" \/>\n<meta property=\"og:title\" content=\"Kontakt - J\u00fcdische Gemeinde Braunschweig K.d.\u00f6.R\" \/>\n<meta property=\"og:description\" content=\"Ansprechpartner B\u00fcro B\u00fcrozeiten: Dienstag und Donnerstag\u00a0 10.00 &#8211; 12.00 Uhr und nach Vereinbarung Tel.: 0531 45536 Email: info@jgemeinde-bs.de Sozialarbeit Sprechzeiten:\u00a0Dienstag und Donnerstag 10.00-12.00 Uhr und nach Vereinbarung Tel.: 0531 45536 Email: jg-bs-sozialarbeiter@gmx.de Chewra Kadischa B\u00fcrozeiten:\u00a0 Tel.: 0531 45536 Anfrage stellen\" \/>\n<meta property=\"og:url\" content=\"https:\/\/jgemeinde-bs.de\/ru\/kontakt\/\" \/>\n<meta property=\"og:site_name\" content=\"J\u00fcdische Gemeinde Braunschweig K.d.\u00f6.R\" \/>\n<meta property=\"article:modified_time\" content=\"2026-04-20T07:38:12+00:00\" \/>\n<meta name=\"twitter:card\" content=\"summary_large_image\" \/>\n<meta name=\"twitter:label1\" content=\"\u041f\u0440\u0438\u043c\u0435\u0440\u043d\u043e\u0435 \u0432\u0440\u0435\u043c\u044f \u0434\u043b\u044f \u0447\u0442\u0435\u043d\u0438\u044f\" \/>\n\t<meta name=\"twitter:data1\" content=\"1 \u043c\u0438\u043d\u0443\u0442\u0430\" \/>\n<script type=\"application\/ld+json\" class=\"yoast-schema-graph\">{\"@context\":\"https:\/\/schema.org\",\"@graph\":[{\"@type\":\"WebPage\",\"@id\":\"https:\/\/jgemeinde-bs.de\/kontakt\/\",\"url\":\"https:\/\/jgemeinde-bs.de\/kontakt\/\",\"name\":\"Kontakt - J\u00fcdische Gemeinde Braunschweig K.d.\u00f6.R\",\"isPartOf\":{\"@id\":\"https:\/\/jgemeinde-bs.de\/#website\"},\"datePublished\":\"2024-07-29T07:25:46+00:00\",\"dateModified\":\"2026-04-20T07:38:12+00:00\",\"breadcrumb\":{\"@id\":\"https:\/\/jgemeinde-bs.de\/kontakt\/#breadcrumb\"},\"inLanguage\":\"ru-RU\",\"potentialAction\":[{\"@type\":\"ReadAction\",\"target\":[\"https:\/\/jgemeinde-bs.de\/kontakt\/\"]}]},{\"@type\":\"BreadcrumbList\",\"@id\":\"https:\/\/jgemeinde-bs.de\/kontakt\/#breadcrumb\",\"itemListElement\":[{\"@type\":\"ListItem\",\"position\":1,\"name\":\"Startseite\",\"item\":\"https:\/\/jgemeinde-bs.de\/\"},{\"@type\":\"ListItem\",\"position\":2,\"name\":\"Kontakt\"}]},{\"@type\":\"WebSite\",\"@id\":\"https:\/\/jgemeinde-bs.de\/#website\",\"url\":\"https:\/\/jgemeinde-bs.de\/\",\"name\":\"J\u00fcdische Gemeinde Braunschweig K.d.\u00f6.R\",\"description\":\"\",\"publisher\":{\"@id\":\"https:\/\/jgemeinde-bs.de\/#organization\"},\"potentialAction\":[{\"@type\":\"SearchAction\",\"target\":{\"@type\":\"EntryPoint\",\"urlTemplate\":\"https:\/\/jgemeinde-bs.de\/?s={search_term_string}\"},\"query-input\":{\"@type\":\"PropertyValueSpecification\",\"valueRequired\":true,\"valueName\":\"search_term_string\"}}],\"inLanguage\":\"ru-RU\"},{\"@type\":\"Organization\",\"@id\":\"https:\/\/jgemeinde-bs.de\/#organization\",\"name\":\"J\u00fcdische Gemeinde Braunschweig K.d.\u00f6.R\",\"url\":\"https:\/\/jgemeinde-bs.de\/\",\"logo\":{\"@type\":\"ImageObject\",\"inLanguage\":\"ru-RU\",\"@id\":\"https:\/\/jgemeinde-bs.de\/#\/schema\/logo\/image\/\",\"url\":\"https:\/\/jgemeinde-bs.de\/wp-content\/uploads\/logo_jgb.webp\",\"contentUrl\":\"https:\/\/jgemeinde-bs.de\/wp-content\/uploads\/logo_jgb.webp\",\"width\":1815,\"height\":1595,\"caption\":\"J\u00fcdische Gemeinde Braunschweig K.d.\u00f6.R\"},\"image\":{\"@id\":\"https:\/\/jgemeinde-bs.de\/#\/schema\/logo\/image\/\"}}]}<\/script>\n<!-- \/ Yoast SEO plugin. -->","yoast_head_json":{"title":"\u041a\u043e\u043d\u0442\u0430\u043a\u0442\u044b - \u0415\u0432\u0440\u0435\u0439\u0441\u043a\u0430\u044f \u043e\u0431\u0449\u0438\u043d\u0430 \u0411\u0440\u0430\u0443\u043d\u0448\u0432\u0435\u0439\u0433\u0430 (Kd\u00f6.R)","robots":{"index":"index","follow":"follow","max-snippet":"max-snippet:-1","max-image-preview":"max-image-preview:large","max-video-preview":"max-video-preview:-1"},"canonical":"https:\/\/jgemeinde-bs.de\/ru\/kontakt\/","og_locale":"ru_RU","og_type":"article","og_title":"Kontakt - J\u00fcdische Gemeinde Braunschweig K.d.\u00f6.R","og_description":"Ansprechpartner B\u00fcro B\u00fcrozeiten: Dienstag und Donnerstag\u00a0 10.00 &#8211; 12.00 Uhr und nach Vereinbarung Tel.: 0531 45536 Email: info@jgemeinde-bs.de Sozialarbeit Sprechzeiten:\u00a0Dienstag und Donnerstag 10.00-12.00 Uhr und nach Vereinbarung Tel.: 0531 45536 Email: jg-bs-sozialarbeiter@gmx.de Chewra Kadischa B\u00fcrozeiten:\u00a0 Tel.: 0531 45536 Anfrage stellen","og_url":"https:\/\/jgemeinde-bs.de\/ru\/kontakt\/","og_site_name":"J\u00fcdische Gemeinde Braunschweig K.d.\u00f6.R","article_modified_time":"2026-04-20T07:38:12+00:00","twitter_card":"summary_large_image","twitter_misc":{"\u041f\u0440\u0438\u043c\u0435\u0440\u043d\u043e\u0435 \u0432\u0440\u0435\u043c\u044f \u0434\u043b\u044f \u0447\u0442\u0435\u043d\u0438\u044f":"1 \u043c\u0438\u043d\u0443\u0442\u0430"},"schema":{"@context":"https:\/\/schema.org","@graph":[{"@type":"WebPage","@id":"https:\/\/jgemeinde-bs.de\/kontakt\/","url":"https:\/\/jgemeinde-bs.de\/kontakt\/","name":"\u041a\u043e\u043d\u0442\u0430\u043a\u0442\u044b - \u0415\u0432\u0440\u0435\u0439\u0441\u043a\u0430\u044f \u043e\u0431\u0449\u0438\u043d\u0430 \u0411\u0440\u0430\u0443\u043d\u0448\u0432\u0435\u0439\u0433\u0430 (Kd\u00f6.R)","isPartOf":{"@id":"https:\/\/jgemeinde-bs.de\/#website"},"datePublished":"2024-07-29T07:25:46+00:00","dateModified":"2026-04-20T07:38:12+00:00","breadcrumb":{"@id":"https:\/\/jgemeinde-bs.de\/kontakt\/#breadcrumb"},"inLanguage":"ru-RU","potentialAction":[{"@type":"ReadAction","target":["https:\/\/jgemeinde-bs.de\/kontakt\/"]}]},{"@type":"BreadcrumbList","@id":"https:\/\/jgemeinde-bs.de\/kontakt\/#breadcrumb","itemListElement":[{"@type":"ListItem","position":1,"name":"Startseite","item":"https:\/\/jgemeinde-bs.de\/"},{"@type":"ListItem","position":2,"name":"Kontakt"}]},{"@type":"WebSite","@id":"https:\/\/jgemeinde-bs.de\/#website","url":"https:\/\/jgemeinde-bs.de\/","name":"\u0415\u0432\u0440\u0435\u0439\u0441\u043a\u0430\u044f \u043e\u0431\u0449\u0438\u043d\u0430 \u0411\u0440\u0430\u0443\u043d\u0448\u0432\u0435\u0439\u0433\u0430, \u0433\u043e\u0441\u0443\u0434\u0430\u0440\u0441\u0442\u0432\u0435\u043d\u043d\u0430\u044f \u043a\u043e\u0440\u043f\u043e\u0440\u0430\u0446\u0438\u044f","description":"","publisher":{"@id":"https:\/\/jgemeinde-bs.de\/#organization"},"potentialAction":[{"@type":"SearchAction","target":{"@type":"EntryPoint","urlTemplate":"https:\/\/jgemeinde-bs.de\/?s={search_term_string}"},"query-input":{"@type":"PropertyValueSpecification","valueRequired":true,"valueName":"search_term_string"}}],"inLanguage":"ru-RU"},{"@type":"Organization","@id":"https:\/\/jgemeinde-bs.de\/#organization","name":"\u0415\u0432\u0440\u0435\u0439\u0441\u043a\u0430\u044f \u043e\u0431\u0449\u0438\u043d\u0430 \u0411\u0440\u0430\u0443\u043d\u0448\u0432\u0435\u0439\u0433\u0430, \u0433\u043e\u0441\u0443\u0434\u0430\u0440\u0441\u0442\u0432\u0435\u043d\u043d\u0430\u044f \u043a\u043e\u0440\u043f\u043e\u0440\u0430\u0446\u0438\u044f","url":"https:\/\/jgemeinde-bs.de\/","logo":{"@type":"ImageObject","inLanguage":"ru-RU","@id":"https:\/\/jgemeinde-bs.de\/#\/schema\/logo\/image\/","url":"https:\/\/jgemeinde-bs.de\/wp-content\/uploads\/logo_jgb.webp","contentUrl":"https:\/\/jgemeinde-bs.de\/wp-content\/uploads\/logo_jgb.webp","width":1815,"height":1595,"caption":"J\u00fcdische Gemeinde Braunschweig K.d.\u00f6.R"},"image":{"@id":"https:\/\/jgemeinde-bs.de\/#\/schema\/logo\/image\/"}}]}},"_links":{"self":[{"href":"https:\/\/jgemeinde-bs.de\/ru\/wp-json\/wp\/v2\/pages\/25","targetHints":{"allow":["GET"]}}],"collection":[{"href":"https:\/\/jgemeinde-bs.de\/ru\/wp-json\/wp\/v2\/pages"}],"about":[{"href":"https:\/\/jgemeinde-bs.de\/ru\/wp-json\/wp\/v2\/types\/page"}],"author":[{"embeddable":true,"href":"https:\/\/jgemeinde-bs.de\/ru\/wp-json\/wp\/v2\/users\/1"}],"replies":[{"embeddable":true,"href":"https:\/\/jgemeinde-bs.de\/ru\/wp-json\/wp\/v2\/comments?post=25"}],"version-history":[{"count":88,"href":"https:\/\/jgemeinde-bs.de\/ru\/wp-json\/wp\/v2\/pages\/25\/revisions"}],"predecessor-version":[{"id":4591,"href":"https:\/\/jgemeinde-bs.de\/ru\/wp-json\/wp\/v2\/pages\/25\/revisions\/4591"}],"wp:attachment":[{"href":"https:\/\/jgemeinde-bs.de\/ru\/wp-json\/wp\/v2\/media?parent=25"}],"curies":[{"name":"WP","href":"https:\/\/api.w.org\/{rel}","templated":true}]}}