{"id":21,"date":"2024-07-29T07:25:22","date_gmt":"2024-07-29T07:25:22","guid":{"rendered":"https:\/\/jgemeinde-bs.de\/?page_id=21"},"modified":"2025-12-04T12:09:11","modified_gmt":"2025-12-04T11:09:11","slug":"angebot","status":"publish","type":"page","link":"https:\/\/jgemeinde-bs.de\/ru\/angebot\/","title":{"rendered":"\u041f\u0440\u0435\u0434\u043b\u043e\u0436\u0435\u043d\u0438\u044f"},"content":{"rendered":"<div data-elementor-type=\"wp-page\" data-elementor-id=\"21\" class=\"elementor elementor-21\" data-elementor-post-type=\"page\">\n\t\t\t\t<div class=\"elementor-element elementor-element-4a6fb98 e-flex e-con-boxed e-con e-parent\" data-id=\"4a6fb98\" data-element_type=\"container\">\n\t\t\t\t\t<div class=\"e-con-inner\">\n\t\t\t\t<div class=\"elementor-element elementor-element-13c1fec elementor-widget elementor-widget-text-editor\" data-id=\"13c1fec\" data-element_type=\"widget\" data-widget_type=\"text-editor.default\">\n\t\t\t\t<div class=\"elementor-widget-container\">\n\t\t\t\t\t\t\t\t\t<p>\u041c\u044b \u0440\u0435\u0433\u0443\u043b\u044f\u0440\u043d\u043e \u043f\u0440\u0435\u0434\u043b\u0430\u0433\u0430\u0435\u043c \u0441\u043b\u0435\u0434\u0443\u044e\u0449\u0438\u0435 \u043c\u0435\u0440\u043e\u043f\u0440\u0438\u044f\u0442\u0438\u044f \u0434\u043b\u044f \u0447\u043b\u0435\u043d\u043e\u0432 \u0441\u043e\u043e\u0431\u0449\u0435\u0441\u0442\u0432\u0430 \u0438 \u0438\u0445 \u0441\u0435\u043c\u0435\u0439:<br \/>\u2013 \u041c\u043e\u043b\u0438\u0442\u0432\u044b \u0432 \u043e\u0431\u0449\u0438\u043d\u0435 \u0432 \u0441\u0443\u0431\u0431\u043e\u0442\u0443 \u0438 \u043f\u0440\u0430\u0437\u0434\u043d\u0438\u043a\u0438<br \/>\u2013 \u0421\u0435\u0434\u0435\u0440 \u0432 \u043e\u0431\u0449\u0438\u043d\u0435 (\u0435\u0441\u043b\u0438 \u043f\u0440\u043e\u0432\u043e\u0434\u0438\u0442\u0441\u044f)<br \/>\u2013 \u041f\u0440\u0430\u0437\u0434\u043d\u043e\u0432\u0430\u043d\u0438\u0435 \u0425\u0430\u043d\u0443\u043a\u0438 \u0438 \u041f\u0443\u0440\u0438\u043c\u0430<br \/>\u2013 \u0428\u0438\u0443\u0440\u0438\u043c \u043d\u0430 \u0440\u0430\u0437\u043b\u0438\u0447\u043d\u044b\u0435 \u0435\u0432\u0440\u0435\u0439\u0441\u043a\u0438\u0435 \u0442\u0435\u043c\u044b: \u0434\u0430\u0442\u044b \u0441\u043c\u043e\u0442\u0440\u0438\u0442\u0435 \u0432 \u043a\u0430\u043b\u0435\u043d\u0434\u0430\u0440\u0435 \u0432 \u043b\u0438\u0447\u043d\u043e\u043c \u043a\u0430\u0431\u0438\u043d\u0435\u0442\u0435 \u0438\u043b\u0438 \u0432 \u0438\u043d\u0444\u043e\u0440\u043c\u0430\u0446\u0438\u043e\u043d\u043d\u043e\u043c \u043f\u0438\u0441\u044c\u043c\u0435.<br \/>\u2013 \u041a\u043e\u043d\u0446\u0435\u0440\u0442\u044b \u0438 \u0447\u0442\u0435\u043d\u0438\u044f: \u041e\u0431\u044a\u044f\u0432\u043b\u0435\u043d\u0438\u044f \u043e\u0431 \u044d\u0442\u043e\u043c \u0432 \u0435\u0436\u0435\u043c\u0435\u0441\u044f\u0447\u043d\u043e\u043c \u0438\u043d\u0444\u043e\u0440\u043c\u0430\u0446\u0438\u043e\u043d\u043d\u043e\u043c \u043f\u0438\u0441\u044c\u043c\u0435 \u0438 \u0432 \u043a\u0430\u043b\u0435\u043d\u0434\u0430\u0440\u0435.<br \/>\u2013 \u0415\u0432\u0440\u0435\u0439\u0441\u043a\u0430\u044f \u043e\u0431\u0449\u0438\u043d\u0430 \u00ab\u041f\u041e\u0421\u041b\u0415 \u0420\u0410\u0411\u041e\u0422\u042b\u00bb \u0434\u043b\u044f \u043d\u0435\u0444\u043e\u0440\u043c\u0430\u043b\u044c\u043d\u043e\u0433\u043e \u043e\u0431\u0449\u0435\u043d\u0438\u044f \u0437\u0430 \u0431\u043e\u043a\u0430\u043b\u043e\u043c \u0432\u0438\u043d\u0430: \u0434\u0430\u0442\u044b \u0441\u043c\u043e\u0442\u0440\u0438\u0442\u0435 \u0432 \u043a\u0430\u043b\u0435\u043d\u0434\u0430\u0440\u0435 \u0432 \u043b\u0438\u0447\u043d\u043e\u043c \u043a\u0430\u0431\u0438\u043d\u0435\u0442\u0435 \u0438\u043b\u0438 \u0432 \u0438\u043d\u0444\u043e\u0440\u043c\u0430\u0446\u0438\u043e\u043d\u043d\u043e\u043c \u043f\u0438\u0441\u044c\u043c\u0435.<br \/>\u2013 \u041b\u0438\u0447\u043d\u044b\u0435 \u043c\u0435\u0440\u043e\u043f\u0440\u0438\u044f\u0442\u0438\u044f, \u0442\u0430\u043a\u0438\u0435 \u043a\u0430\u043a \u0445\u0443\u043f\u0430, \u0431\u0430\u0440 \u0438\u043b\u0438 \u0431\u0430\u0442-\u043c\u0438\u0446\u0432\u0430\u2026 \u0441\u043e\u043f\u0440\u043e\u0432\u043e\u0436\u0434\u0430\u044e\u0442\u0441\u044f \u043d\u0430\u0448\u0438\u043c \u043a\u0430\u043d\u0442\u043e\u0440\u043e\u043c \u0438, \u043f\u0440\u0438 \u043d\u0435\u043e\u0431\u0445\u043e\u0434\u0438\u043c\u043e\u0441\u0442\u0438, \u0440\u0430\u0432\u0432\u0438\u043d\u043e\u043c.<br \/>\u2013 \u0425\u0435\u0432\u0440\u0430 \u041a\u0430\u0434\u0438\u0448\u0430<\/p>\t\t\t\t\t\t\t\t<\/div>\n\t\t\t\t<\/div>\n\t\t\t\t\t<\/div>\n\t\t\t\t<\/div>\n\t\t<div class=\"elementor-element elementor-element-d56ef3e e-flex e-con-boxed e-con e-parent\" data-id=\"d56ef3e\" data-element_type=\"container\">\n\t\t\t\t\t<div class=\"e-con-inner\">\n\t\t\t\t<div class=\"elementor-element elementor-element-bed5f73 elementor-widget elementor-widget-heading\" data-id=\"bed5f73\" data-element_type=\"widget\" data-widget_type=\"heading.default\">\n\t\t\t\t<div class=\"elementor-widget-container\">\n\t\t\t\t\t<h2 class=\"elementor-heading-title elementor-size-default\">\u0421\u043e\u0446\u0438\u0430\u043b\u044c\u043d\u043e\u0435 \u043a\u043e\u043d\u0441\u0443\u043b\u044c\u0442\u0438\u0440\u043e\u0432\u0430\u043d\u0438\u0435<\/h2>\t\t\t\t<\/div>\n\t\t\t\t<\/div>\n\t\t\t\t<div class=\"elementor-element elementor-element-1e87a7e elementor-widget elementor-widget-text-editor\" data-id=\"1e87a7e\" data-element_type=\"widget\" data-widget_type=\"text-editor.default\">\n\t\t\t\t<div class=\"elementor-widget-container\">\n\t\t\t\t\t\t\t\t\t<p style=\"font-weight: 400;\">\u041f\u043e\u043c\u043e\u0449\u044c \u0432 \u043f\u043e\u0432\u0441\u0435\u0434\u043d\u0435\u0432\u043d\u043e\u0439 \u0436\u0438\u0437\u043d\u0438, \u043f\u0440\u0438 \u0440\u0435\u0448\u0435\u043d\u0438\u0438 \u0432\u043e\u043f\u0440\u043e\u0441\u043e\u0432 \u0432 \u0443\u0447\u0440\u0435\u0436\u0434\u0435\u043d\u0438\u044f\u0445 \u0438\u043b\u0438 \u0432 \u044d\u043a\u0441\u0442\u0440\u0435\u043d\u043d\u044b\u0445 \u043b\u0438\u0447\u043d\u044b\u0445 \u0441\u0438\u0442\u0443\u0430\u0446\u0438\u044f\u0445.<br>\u041d\u0430\u0448 \u0441\u043f\u0435\u0446\u0438\u0430\u043b\u0438\u0441\u0442 \u043f\u043e \u0441\u043e\u0446\u0438\u0430\u043b\u044c\u043d\u043e\u0439 \u0440\u0430\u0431\u043e\u0442\u0435 \u043e\u0442\u043a\u0440\u044b\u0442 \u0434\u043b\u044f \u043e\u0431\u0449\u0435\u043d\u0438\u044f \u0438 \u043c\u043e\u0436\u0435\u0442 \u043f\u043e\u043c\u043e\u0447\u044c \u0432 \u0440\u0435\u0448\u0435\u043d\u0438\u0438 \u0440\u0430\u0437\u043d\u044b\u0445 \u0432\u043e\u043f\u0440\u043e\u0441\u043e\u0432. \u041a\u043e\u043d\u0441\u0443\u043b\u044c\u0442\u0430\u0446\u0438\u0438 \u0438\u0441\u043a\u043b\u044e\u0447\u0438\u0442\u0435\u043b\u044c\u043d\u043e \u0434\u043b\u044f \u0435\u0432\u0440\u0435\u0439\u0441\u043a\u043e\u0433\u043e \u0441\u043e\u043e\u0431\u0449\u0435\u0441\u0442\u0432\u0430 \u0411\u0440\u0430\u0443\u043d\u0448\u0432\u0435\u0439\u0433\u0430 \u0438 \u0435\u0433\u043e \u043e\u043a\u0440\u0435\u0441\u0442\u043d\u043e\u0441\u0442\u0435\u0439.<\/p>\n<p style=\"font-weight: 400;\"><strong>\u041f\u0440\u0438\u0451\u043c\u043d\u044b\u0435 \u0447\u0430\u0441\u044b:<\/strong>&nbsp; \u0421 \u043f\u043e\u043d\u0435\u0434\u0435\u043b\u044c\u043d\u0438\u043a\u0430 \u043f\u043e \u0447\u0435\u0442\u0432\u0435\u0440\u0433 \u0441 10:00 \u0434\u043e 12:00 \u0438 \u043f\u043e \u043f\u0440\u0435\u0434\u0432\u0430\u0440\u0438\u0442\u0435\u043b\u044c\u043d\u043e\u0439 \u0437\u0430\u043f\u0438\u0441\u0438<\/p>\n<p style=\"font-weight: 400;\"><strong>\u0422\u0435\u043b.:<\/strong> 0531 45536<\/p>\n<p><strong>Email: <\/strong><a href=\"mailto:jg-bs-sozialarbeiter@gmx.de\">jg-bs-sozialarbeiter@gmx.de<\/a><\/p>\t\t\t\t\t\t\t\t<\/div>\n\t\t\t\t<\/div>\n\t\t\t\t\t<\/div>\n\t\t\t\t<\/div>\n\t\t<div class=\"elementor-element elementor-element-b7dcc19 e-flex e-con-boxed e-con e-parent\" data-id=\"b7dcc19\" data-element_type=\"container\">\n\t\t\t\t\t<div class=\"e-con-inner\">\n\t\t\t\t<div class=\"elementor-element elementor-element-653ff5d elementor-widget elementor-widget-heading\" data-id=\"653ff5d\" data-element_type=\"widget\" data-widget_type=\"heading.default\">\n\t\t\t\t<div class=\"elementor-widget-container\">\n\t\t\t\t\t<h2 class=\"elementor-heading-title elementor-size-default\">\u0427\u0442\u043e \u0434\u0435\u043b\u0430\u0442\u044c \u0432 \u0441\u043b\u0443\u0447\u0430\u0435 \u0443\u0442\u0440\u0430\u0442\u044b?<\/h2>\t\t\t\t<\/div>\n\t\t\t\t<\/div>\n\t\t\t\t<div class=\"elementor-element elementor-element-f9727b7 elementor-widget elementor-widget-text-editor\" data-id=\"f9727b7\" data-element_type=\"widget\" data-widget_type=\"text-editor.default\">\n\t\t\t\t<div class=\"elementor-widget-container\">\n\t\t\t\t\t\t\t\t\t<p style=\"font-weight: 400;\">\u0412 \u0441\u043b\u0443\u0447\u0430\u0435 \u0442\u044f\u0436\u0435\u043b\u043e\u0439 \u0443\u0442\u0440\u0430\u0442\u044b \u0425\u0435\u0432\u0440\u0430 \u041a\u0430\u0434\u0438\u0448\u0430 \u043f\u043e\u0434\u0434\u0435\u0440\u0436\u0438\u0442 \u0432\u0430\u0441. \u0415\u0441\u043b\u0438 \u0432\u044b \u043f\u043e\u0442\u0435\u0440\u044f\u043b\u0438 \u0440\u043e\u0434\u0441\u0442\u0432\u0435\u043d\u043d\u0438\u043a\u0430, \u043f\u043e\u0436\u0430\u043b\u0443\u0439\u0441\u0442\u0430, \u0441\u043d\u0430\u0447\u0430\u043b\u0430 \u0441\u0432\u044f\u0436\u0438\u0442\u0435\u0441\u044c \u0441 \u043d\u0430\u0448\u0438\u043c \u0433\u043b\u0430\u0432\u043e\u0439 \u0425\u0435\u0432\u0440\u0430 \u041a\u0430\u0434\u0438\u0448\u0430. \u042d\u0442\u043e \u043f\u043e\u043c\u043e\u0436\u0435\u0442 \u0432\u0430\u043c \u0432 \u0441\u043b\u0435\u0434\u0443\u044e\u0449\u0438\u0445 \u0448\u0430\u0433\u0430\u0445.<\/p><p style=\"font-weight: 400;\"><strong style=\"text-align: var(--text-align); font-size: 1rem;\">Email:<\/strong><span style=\"text-align: var(--text-align); font-size: 1rem;\">\u00a0 <\/span>Chewra_kadischa@jgemeinde-bs.de<\/p><p><strong>\u0422\u0435\u043b.:<\/strong> 0531 45536<\/p>\t\t\t\t\t\t\t\t<\/div>\n\t\t\t\t<\/div>\n\t\t\t\t\t<\/div>\n\t\t\t\t<\/div>\n\t\t<div class=\"elementor-element elementor-element-b29aa01 e-flex e-con-boxed e-con e-parent\" data-id=\"b29aa01\" data-element_type=\"container\">\n\t\t\t\t\t<div class=\"e-con-inner\">\n\t\t\t\t<div class=\"elementor-element elementor-element-3bfe120 elementor-widget elementor-widget-heading\" data-id=\"3bfe120\" data-element_type=\"widget\" data-widget_type=\"heading.default\">\n\t\t\t\t<div class=\"elementor-widget-container\">\n\t\t\t\t\t<h2 class=\"elementor-heading-title elementor-size-default\">\u041d\u0430\u0448\u0438 \u043f\u0430\u0440\u0442\u043d\u0451\u0440\u044b<\/h2>\t\t\t\t<\/div>\n\t\t\t\t<\/div>\n\t\t\t\t<div class=\"elementor-element elementor-element-8550ecc elementor-widget elementor-widget-text-editor\" data-id=\"8550ecc\" data-element_type=\"widget\" data-widget_type=\"text-editor.default\">\n\t\t\t\t<div class=\"elementor-widget-container\">\n\t\t\t\t\t\t\t\t\t<p style=\"font-weight: 400;\"><a href=\"https:\/\/juedisches-niedersachsen.de\/home\" target=\"_blank\" rel=\"noopener\">\u0415\u0432\u0440\u0435\u0439\u0441\u043a\u0430\u044f \u041d\u0438\u0436\u043d\u044f\u044f \u0421\u0430\u043a\u0441\u043e\u043d\u0438\u044f \u041e\u041d\u041b\u0410\u0419\u041d<\/a><\/p><p style=\"font-weight: 400;\"><a href=\"https:\/\/ij-n.de\/\" target=\"_blank\" rel=\"noopener\">\u0421\u0435\u0442\u044c \u0418\u0437\u0440\u0430\u0438\u043b\u044f \u042f\u043a\u043e\u0431\u0441\u043e\u043d\u0430<\/a><\/p><p style=\"font-weight: 400;\"><a href=\"https:\/\/zwst.org\/de\" target=\"_blank\" rel=\"noopener\">\u0426\u0435\u043d\u0442\u0440\u0430\u043b\u044c\u043d\u043e\u0435 \u0443\u043f\u0440\u0430\u0432\u043b\u0435\u043d\u0438\u0435 \u043f\u043e \u0434\u0435\u043b\u0430\u043c \u0435\u0432\u0440\u0435\u0435\u0432 \u0432 \u0413\u0435\u0440\u043c\u0430\u043d\u0438\u0438 (ZWST)<\/a><\/p><p style=\"font-weight: 400;\"><a href=\"https:\/\/www.zentralratderjuden.de\/\" target=\"_blank\" rel=\"noopener\">\u0426\u0435\u043d\u0442\u0440\u0430\u043b\u044c\u043d\u044b\u0439 \u0441\u043e\u0432\u0435\u0442 \u0435\u0432\u0440\u0435\u0435\u0432 \u0432 \u0413\u0435\u0440\u043c\u0430\u043d\u0438\u0438<\/a><\/p><p style=\"font-weight: 400;\"><a href=\"https:\/\/braunschweig.deutsch-israelische-gesellschaft.de\/\" target=\"_blank\" rel=\"noopener\">\u041d\u0435\u043c\u0435\u0446\u043a\u043e-\u0438\u0437\u0440\u0430\u0438\u043b\u044c\u0441\u043a\u043e\u0435 \u043e\u0431\u0449\u0435\u0441\u0442\u0432\u043e eV \u0411\u0440\u0430\u0443\u043d\u0448\u0432\u0435\u0439\u0433<\/a><\/p><p style=\"font-weight: 400;\"><a href=\"http:\/\/www.gcjz-niedersachsen-ost.de\/\" target=\"_blank\" rel=\"noopener\">\u041e\u0431\u0449\u0435\u0441\u0442\u0432\u043e CJZ Niedersachsen-Ost eV<\/a><\/p>\t\t\t\t\t\t\t\t<\/div>\n\t\t\t\t<\/div>\n\t\t\t\t\t<\/div>\n\t\t\t\t<\/div>\n\t\t\t\t<\/div>","protected":false},"excerpt":{"rendered":"<p>Regelm\u00e4\u00dfig bieten wir folgende Veranstaltungen f\u00fcr Gemeindemitglieder und ihre Familien an:&#8211; Gottesdienste zu Schabbat und Feiertagen&#8211; Gemeindeseder (wenn m\u00f6glich)&#8211; Chanukka- und Purimfeiern&#8211; Schiurim zu verschiedenen j\u00fcdischen Themen: Termine s. Kalender im Mitgliederbereich oder im Rundbrief&#8211; Konzerte und Lesungen: Ank\u00fcndigungen dazu im monatlichen Rundschreiben und im Kalender&#8211; J\u00fcdische Gemeinde \u201eAFTER WORK\u201c f\u00fcr einen ungezwungen Austausch bei [&hellip;]<\/p>","protected":false},"author":1,"featured_media":0,"parent":0,"menu_order":0,"comment_status":"closed","ping_status":"closed","template":"","meta":{"footnotes":""},"class_list":["post-21","page","type-page","status-publish","hentry"],"yoast_head":"<!-- This site is optimized with the Yoast SEO plugin v26.4 - https:\/\/yoast.com\/wordpress\/plugins\/seo\/ -->\n<title>Angebot - J\u00fcdische Gemeinde Braunschweig K.d.\u00f6.R<\/title>\n<meta name=\"robots\" content=\"index, follow, max-snippet:-1, max-image-preview:large, max-video-preview:-1\" \/>\n<link rel=\"canonical\" href=\"https:\/\/jgemeinde-bs.de\/ru\/angebot\/\" \/>\n<meta property=\"og:locale\" content=\"ru_RU\" \/>\n<meta property=\"og:type\" content=\"article\" \/>\n<meta property=\"og:title\" content=\"Angebot - J\u00fcdische Gemeinde Braunschweig K.d.\u00f6.R\" \/>\n<meta property=\"og:description\" content=\"Regelm\u00e4\u00dfig bieten wir folgende Veranstaltungen f\u00fcr Gemeindemitglieder und ihre Familien an:&#8211; Gottesdienste zu Schabbat und Feiertagen&#8211; Gemeindeseder (wenn m\u00f6glich)&#8211; Chanukka- und Purimfeiern&#8211; Schiurim zu verschiedenen j\u00fcdischen Themen: Termine s. Kalender im Mitgliederbereich oder im Rundbrief&#8211; Konzerte und Lesungen: Ank\u00fcndigungen dazu im monatlichen Rundschreiben und im Kalender&#8211; J\u00fcdische Gemeinde \u201eAFTER WORK\u201c f\u00fcr einen ungezwungen Austausch bei [&hellip;]\" \/>\n<meta property=\"og:url\" content=\"https:\/\/jgemeinde-bs.de\/ru\/angebot\/\" \/>\n<meta property=\"og:site_name\" content=\"J\u00fcdische Gemeinde Braunschweig K.d.\u00f6.R\" \/>\n<meta property=\"article:modified_time\" content=\"2025-12-04T11:09:11+00:00\" \/>\n<meta name=\"twitter:card\" content=\"summary_large_image\" \/>\n<meta name=\"twitter:label1\" content=\"\u041f\u0440\u0438\u043c\u0435\u0440\u043d\u043e\u0435 \u0432\u0440\u0435\u043c\u044f \u0434\u043b\u044f \u0447\u0442\u0435\u043d\u0438\u044f\" \/>\n\t<meta name=\"twitter:data1\" content=\"2 \u043c\u0438\u043d\u0443\u0442\u044b\" \/>\n<script type=\"application\/ld+json\" class=\"yoast-schema-graph\">{\"@context\":\"https:\/\/schema.org\",\"@graph\":[{\"@type\":\"WebPage\",\"@id\":\"https:\/\/jgemeinde-bs.de\/angebot\/\",\"url\":\"https:\/\/jgemeinde-bs.de\/angebot\/\",\"name\":\"Angebot - J\u00fcdische Gemeinde Braunschweig K.d.\u00f6.R\",\"isPartOf\":{\"@id\":\"https:\/\/jgemeinde-bs.de\/#website\"},\"datePublished\":\"2024-07-29T07:25:22+00:00\",\"dateModified\":\"2025-12-04T11:09:11+00:00\",\"breadcrumb\":{\"@id\":\"https:\/\/jgemeinde-bs.de\/angebot\/#breadcrumb\"},\"inLanguage\":\"ru-RU\",\"potentialAction\":[{\"@type\":\"ReadAction\",\"target\":[\"https:\/\/jgemeinde-bs.de\/angebot\/\"]}]},{\"@type\":\"BreadcrumbList\",\"@id\":\"https:\/\/jgemeinde-bs.de\/angebot\/#breadcrumb\",\"itemListElement\":[{\"@type\":\"ListItem\",\"position\":1,\"name\":\"Startseite\",\"item\":\"https:\/\/jgemeinde-bs.de\/\"},{\"@type\":\"ListItem\",\"position\":2,\"name\":\"Angebot\"}]},{\"@type\":\"WebSite\",\"@id\":\"https:\/\/jgemeinde-bs.de\/#website\",\"url\":\"https:\/\/jgemeinde-bs.de\/\",\"name\":\"J\u00fcdische Gemeinde Braunschweig K.d.\u00f6.R\",\"description\":\"\",\"publisher\":{\"@id\":\"https:\/\/jgemeinde-bs.de\/#organization\"},\"potentialAction\":[{\"@type\":\"SearchAction\",\"target\":{\"@type\":\"EntryPoint\",\"urlTemplate\":\"https:\/\/jgemeinde-bs.de\/?s={search_term_string}\"},\"query-input\":{\"@type\":\"PropertyValueSpecification\",\"valueRequired\":true,\"valueName\":\"search_term_string\"}}],\"inLanguage\":\"ru-RU\"},{\"@type\":\"Organization\",\"@id\":\"https:\/\/jgemeinde-bs.de\/#organization\",\"name\":\"J\u00fcdische Gemeinde Braunschweig K.d.\u00f6.R\",\"url\":\"https:\/\/jgemeinde-bs.de\/\",\"logo\":{\"@type\":\"ImageObject\",\"inLanguage\":\"ru-RU\",\"@id\":\"https:\/\/jgemeinde-bs.de\/#\/schema\/logo\/image\/\",\"url\":\"https:\/\/jgemeinde-bs.de\/wp-content\/uploads\/logo_jgb.webp\",\"contentUrl\":\"https:\/\/jgemeinde-bs.de\/wp-content\/uploads\/logo_jgb.webp\",\"width\":1815,\"height\":1595,\"caption\":\"J\u00fcdische Gemeinde Braunschweig K.d.\u00f6.R\"},\"image\":{\"@id\":\"https:\/\/jgemeinde-bs.de\/#\/schema\/logo\/image\/\"}}]}<\/script>\n<!-- \/ Yoast SEO plugin. -->","yoast_head_json":{"title":"Angebot - J\u00fcdische Gemeinde Braunschweig K.d.\u00f6.R","robots":{"index":"index","follow":"follow","max-snippet":"max-snippet:-1","max-image-preview":"max-image-preview:large","max-video-preview":"max-video-preview:-1"},"canonical":"https:\/\/jgemeinde-bs.de\/ru\/angebot\/","og_locale":"ru_RU","og_type":"article","og_title":"Angebot - J\u00fcdische Gemeinde Braunschweig K.d.\u00f6.R","og_description":"Regelm\u00e4\u00dfig bieten wir folgende Veranstaltungen f\u00fcr Gemeindemitglieder und ihre Familien an:&#8211; Gottesdienste zu Schabbat und Feiertagen&#8211; Gemeindeseder (wenn m\u00f6glich)&#8211; Chanukka- und Purimfeiern&#8211; Schiurim zu verschiedenen j\u00fcdischen Themen: Termine s. Kalender im Mitgliederbereich oder im Rundbrief&#8211; Konzerte und Lesungen: Ank\u00fcndigungen dazu im monatlichen Rundschreiben und im Kalender&#8211; J\u00fcdische Gemeinde \u201eAFTER WORK\u201c f\u00fcr einen ungezwungen Austausch bei [&hellip;]","og_url":"https:\/\/jgemeinde-bs.de\/ru\/angebot\/","og_site_name":"J\u00fcdische Gemeinde Braunschweig K.d.\u00f6.R","article_modified_time":"2025-12-04T11:09:11+00:00","twitter_card":"summary_large_image","twitter_misc":{"\u041f\u0440\u0438\u043c\u0435\u0440\u043d\u043e\u0435 \u0432\u0440\u0435\u043c\u044f \u0434\u043b\u044f \u0447\u0442\u0435\u043d\u0438\u044f":"2 \u043c\u0438\u043d\u0443\u0442\u044b"},"schema":{"@context":"https:\/\/schema.org","@graph":[{"@type":"WebPage","@id":"https:\/\/jgemeinde-bs.de\/angebot\/","url":"https:\/\/jgemeinde-bs.de\/angebot\/","name":"Angebot - J\u00fcdische Gemeinde Braunschweig K.d.\u00f6.R","isPartOf":{"@id":"https:\/\/jgemeinde-bs.de\/#website"},"datePublished":"2024-07-29T07:25:22+00:00","dateModified":"2025-12-04T11:09:11+00:00","breadcrumb":{"@id":"https:\/\/jgemeinde-bs.de\/angebot\/#breadcrumb"},"inLanguage":"ru-RU","potentialAction":[{"@type":"ReadAction","target":["https:\/\/jgemeinde-bs.de\/angebot\/"]}]},{"@type":"BreadcrumbList","@id":"https:\/\/jgemeinde-bs.de\/angebot\/#breadcrumb","itemListElement":[{"@type":"ListItem","position":1,"name":"Startseite","item":"https:\/\/jgemeinde-bs.de\/"},{"@type":"ListItem","position":2,"name":"Angebot"}]},{"@type":"WebSite","@id":"https:\/\/jgemeinde-bs.de\/#website","url":"https:\/\/jgemeinde-bs.de\/","name":"\u0415\u0432\u0440\u0435\u0439\u0441\u043a\u0430\u044f \u043e\u0431\u0449\u0438\u043d\u0430 \u0411\u0440\u0430\u0443\u043d\u0448\u0432\u0435\u0439\u0433\u0430, \u0433\u043e\u0441\u0443\u0434\u0430\u0440\u0441\u0442\u0432\u0435\u043d\u043d\u0430\u044f \u043a\u043e\u0440\u043f\u043e\u0440\u0430\u0446\u0438\u044f","description":"","publisher":{"@id":"https:\/\/jgemeinde-bs.de\/#organization"},"potentialAction":[{"@type":"SearchAction","target":{"@type":"EntryPoint","urlTemplate":"https:\/\/jgemeinde-bs.de\/?s={search_term_string}"},"query-input":{"@type":"PropertyValueSpecification","valueRequired":true,"valueName":"search_term_string"}}],"inLanguage":"ru-RU"},{"@type":"Organization","@id":"https:\/\/jgemeinde-bs.de\/#organization","name":"\u0415\u0432\u0440\u0435\u0439\u0441\u043a\u0430\u044f \u043e\u0431\u0449\u0438\u043d\u0430 \u0411\u0440\u0430\u0443\u043d\u0448\u0432\u0435\u0439\u0433\u0430, \u0433\u043e\u0441\u0443\u0434\u0430\u0440\u0441\u0442\u0432\u0435\u043d\u043d\u0430\u044f \u043a\u043e\u0440\u043f\u043e\u0440\u0430\u0446\u0438\u044f","url":"https:\/\/jgemeinde-bs.de\/","logo":{"@type":"ImageObject","inLanguage":"ru-RU","@id":"https:\/\/jgemeinde-bs.de\/#\/schema\/logo\/image\/","url":"https:\/\/jgemeinde-bs.de\/wp-content\/uploads\/logo_jgb.webp","contentUrl":"https:\/\/jgemeinde-bs.de\/wp-content\/uploads\/logo_jgb.webp","width":1815,"height":1595,"caption":"J\u00fcdische Gemeinde Braunschweig K.d.\u00f6.R"},"image":{"@id":"https:\/\/jgemeinde-bs.de\/#\/schema\/logo\/image\/"}}]}},"_links":{"self":[{"href":"https:\/\/jgemeinde-bs.de\/ru\/wp-json\/wp\/v2\/pages\/21","targetHints":{"allow":["GET"]}}],"collection":[{"href":"https:\/\/jgemeinde-bs.de\/ru\/wp-json\/wp\/v2\/pages"}],"about":[{"href":"https:\/\/jgemeinde-bs.de\/ru\/wp-json\/wp\/v2\/types\/page"}],"author":[{"embeddable":true,"href":"https:\/\/jgemeinde-bs.de\/ru\/wp-json\/wp\/v2\/users\/1"}],"replies":[{"embeddable":true,"href":"https:\/\/jgemeinde-bs.de\/ru\/wp-json\/wp\/v2\/comments?post=21"}],"version-history":[{"count":46,"href":"https:\/\/jgemeinde-bs.de\/ru\/wp-json\/wp\/v2\/pages\/21\/revisions"}],"predecessor-version":[{"id":4515,"href":"https:\/\/jgemeinde-bs.de\/ru\/wp-json\/wp\/v2\/pages\/21\/revisions\/4515"}],"wp:attachment":[{"href":"https:\/\/jgemeinde-bs.de\/ru\/wp-json\/wp\/v2\/media?parent=21"}],"curies":[{"name":"WP","href":"https:\/\/api.w.org\/{rel}","templated":true}]}}