{"id":141,"date":"2024-07-29T21:15:34","date_gmt":"2024-07-29T21:15:34","guid":{"rendered":"https:\/\/jgemeinde-bs.de\/index.php\/register\/"},"modified":"2024-11-18T01:32:33","modified_gmt":"2024-11-18T00:32:33","slug":"register","status":"publish","type":"page","link":"https:\/\/jgemeinde-bs.de\/ru\/register\/","title":{"rendered":"\u0417\u0430\u043f\u0440\u043e\u0441\u0438\u0442\u044c \u0434\u043e\u0441\u0442\u0443\u043f \u0432 \u043b\u0438\u0447\u043d\u044b\u0439 \u043a\u0430\u0431\u0438\u043d\u0435\u0442"},"content":{"rendered":"<div data-elementor-type=\"wp-page\" data-elementor-id=\"141\" class=\"elementor elementor-141\" data-elementor-post-type=\"page\">\n\t\t\t\t<div class=\"elementor-element elementor-element-7053c628 e-flex e-con-boxed e-con e-parent\" data-id=\"7053c628\" data-element_type=\"container\">\n\t\t\t\t\t<div class=\"e-con-inner\">\n\t\t\t\t<div class=\"elementor-element elementor-element-0df2116 elementor-widget elementor-widget-heading\" data-id=\"0df2116\" data-element_type=\"widget\" data-widget_type=\"heading.default\">\n\t\t\t\t<div class=\"elementor-widget-container\">\n\t\t\t\t\t<div class=\"elementor-heading-title elementor-size-default\">\u0414\u043e\u0441\u0442\u0443\u043f \u0442\u043e\u043b\u044c\u043a\u043e \u0434\u043b\u044f \u0447\u043b\u0435\u043d\u043e\u0432 \u0441\u043e\u043e\u0431\u0449\u0435\u0441\u0442\u0432\u0430.<br>\u0415\u0441\u043b\u0438 \u0432\u044b \u0445\u043e\u0442\u0438\u0442\u0435 \u043f\u043e\u0434\u0430\u0442\u044c \u0437\u0430\u044f\u0432\u043a\u0443 \u043d\u0430 \u0447\u043b\u0435\u043d\u0441\u0442\u0432\u043e, \u043d\u0430\u043f\u0438\u0448\u0438\u0442\u0435 \u043d\u0430\u043c \u043f\u043e \u0430\u0434\u0440\u0435\u0441\u0443 info@jgemeinde-bs.de.<\/div>\t\t\t\t<\/div>\n\t\t\t\t<\/div>\n\t\t\t\t<div class=\"elementor-element elementor-element-1d99443a elementor-widget elementor-widget-shortcode\" data-id=\"1d99443a\" data-element_type=\"widget\" data-widget_type=\"shortcode.default\">\n\t\t\t\t<div class=\"elementor-widget-container\">\n\t\t\t\t\t\t\t<div class=\"elementor-shortcode\">\n<div class=\"um um-register um-133\">\n\t<div class=\"um-form\" data-mode=\"register\">\n\t\t<form method=\"post\" action=\"\" data-trp-original-action=\"\">\n\t\t\t<div class=\"um-row _um_row_1\" style=\"padding: 0px 0px 0px 0px;margin: 50px 0px 30px 0px;border-width: 0px 0px 0px 0px;border-style: solid;border-radius: 0px;\"><div class=\"um-col-121\"><div  class=\"um-field um-field-block  um-field-block um-field-type_block\" data-key=\"um_block_133_11\"><h2>\u041f\u0435\u0440\u0441\u043e\u043d\u0430\u043b\u044c\u043d\u044b\u0435 \u0434\u0430\u043d\u043d\u044b\u0435<\/h2><\/div><div  id=\"um_field_133_first_name\" class=\"um-field um-field-text  um-field-first_name um-field-text um-field-type_text\" data-key=\"first_name\"><div class=\"um-field-label\"><label for=\"first_name-133\">Vorname<span class=\"um-req\" title=\"\u041e\u0431\u044f\u0437\u0430\u0442\u0435\u043b\u044c\u043d\u043e\">*<\/span><\/label><div class=\"um-clear\"><\/div><\/div><div class=\"um-field-area\"><input  autocomplete=\"off\" class=\"um-form-field valid\" type=\"text\" name=\"first_name-133\" id=\"first_name-133\" value=\"\" placeholder=\"\" data-validate=\"\" data-key=\"first_name\"  aria-invalid=\"false\" \/>\n\n\t\t\t\t\t\t<\/div><\/div><div  id=\"um_field_133_last_name\" class=\"um-field um-field-text  um-field-last_name um-field-text um-field-type_text\" data-key=\"last_name\"><div class=\"um-field-label\"><label for=\"last_name-133\">Nachname<span class=\"um-req\" title=\"\u041e\u0431\u044f\u0437\u0430\u0442\u0435\u043b\u044c\u043d\u043e\">*<\/span><\/label><div class=\"um-clear\"><\/div><\/div><div class=\"um-field-area\"><input  autocomplete=\"off\" class=\"um-form-field valid\" type=\"text\" name=\"last_name-133\" id=\"last_name-133\" value=\"\" placeholder=\"\" data-validate=\"\" data-key=\"last_name\"  aria-invalid=\"false\" \/>\n\n\t\t\t\t\t\t<\/div><\/div><div  id=\"um_field_133_birth_date\" class=\"um-field um-field-date  um-field-birth_date um-field-date um-field-type_date\" data-key=\"birth_date\"><div class=\"um-field-label\"><div class=\"um-field-label-icon\"><i class=\"far fa-calendar-days\" aria-label=\"\u0414\u0430\u0442\u0430 \u0440\u043e\u0436\u0434\u0435\u043d\u0438\u044f\"><\/i><\/div><label for=\"birth_date-133\">\u0414\u0430\u0442\u0430 \u0440\u043e\u0436\u0434\u0435\u043d\u0438\u044f<span class=\"um-req\" title=\"\u041e\u0431\u044f\u0437\u0430\u0442\u0435\u043b\u044c\u043d\u043e\">*<\/span><\/label><div class=\"um-clear\"><\/div><\/div><div class=\"um-field-area\"><input   class=\"um-form-field valid um-datepicker\" type=\"text\" name=\"birth_date-133\" id=\"birth_date-133\" value=\"\" placeholder=\"\" data-validate=\"\" data-key=\"birth_date\" data-range=\"years\" data-years=\"115\" data-years_x=\"past\" data-disabled_weekdays=\"\" data-date_min=\"1911,5,05\" data-date_max=\"2026,5,05\" data-format=\"d mmm yyyy\" data-value=\"\"  aria-invalid=\"false\" \/>\n\n\t\t\t\t\t\t<\/div><\/div><div  id=\"um_field_133_street\" class=\"um-field um-field-text  um-field-street um-field-text um-field-type_text\" data-key=\"street\"><div class=\"um-field-label\"><label for=\"street-133\">Stra\u00dfe &amp; Hausnummer<span class=\"um-req\" title=\"\u041e\u0431\u044f\u0437\u0430\u0442\u0435\u043b\u044c\u043d\u043e\">*<\/span><\/label><div class=\"um-clear\"><\/div><\/div><div class=\"um-field-area\"><input  autocomplete=\"off\" class=\"um-form-field valid\" type=\"text\" name=\"street-133\" id=\"street-133\" value=\"\" placeholder=\"\" data-validate=\"\" data-key=\"street\"  aria-invalid=\"false\" \/>\n\n\t\t\t\t\t\t<\/div><\/div><div  id=\"um_field_133_postcode\" class=\"um-field um-field-text  um-field-postcode um-field-text um-field-type_text\" data-key=\"postcode\"><div class=\"um-field-label\"><label for=\"postcode-133\">Postleitzahl<span class=\"um-req\" title=\"\u041e\u0431\u044f\u0437\u0430\u0442\u0435\u043b\u044c\u043d\u043e\">*<\/span><\/label><div class=\"um-clear\"><\/div><\/div><div class=\"um-field-area\"><input  autocomplete=\"off\" class=\"um-form-field valid\" type=\"text\" name=\"postcode-133\" id=\"postcode-133\" value=\"\" placeholder=\"\" data-validate=\"\" data-key=\"postcode\"  aria-invalid=\"false\" \/>\n\n\t\t\t\t\t\t<\/div><\/div><div  id=\"um_field_133_city\" class=\"um-field um-field-text  um-field-city um-field-text um-field-type_text\" data-key=\"city\"><div class=\"um-field-label\"><label for=\"city-133\">Stadt<span class=\"um-req\" title=\"\u041e\u0431\u044f\u0437\u0430\u0442\u0435\u043b\u044c\u043d\u043e\">*<\/span><\/label><div class=\"um-clear\"><\/div><\/div><div class=\"um-field-area\"><input  autocomplete=\"off\" class=\"um-form-field valid\" type=\"text\" name=\"city-133\" id=\"city-133\" value=\"\" placeholder=\"\" data-validate=\"\" data-key=\"city\"  aria-invalid=\"false\" \/>\n\n\t\t\t\t\t\t<\/div><\/div><div  id=\"um_field_133_phone\" class=\"um-field um-field-tel  um-field-phone um-field-tel um-field-type_tel\" data-key=\"phone\"><div class=\"um-field-label\"><label for=\"phone-133\">\u0422\u0435\u043b\u0435\u0444\u043e\u043d<\/label><div class=\"um-clear\"><\/div><\/div><div class=\"um-field-area\"><input  autocomplete=\"off\" class=\"um-form-field valid not-required\" type=\"tel\" name=\"phone-133\" id=\"phone-133\" value=\"\" placeholder=\"\" data-validate=\"\" data-key=\"phone\"  aria-invalid=\"false\" \/>\n\n\t\t\t\t\t\t<\/div><\/div><\/div><div class=\"um-col-122\"><div  class=\"um-field um-field-block  um-field-block um-field-type_block\" data-key=\"um_block_133_11_12\"><h2>\u0441\u0447\u0435\u0442<\/h2><\/div><div  id=\"um_field_133_user_email\" class=\"um-field um-field-text  um-field-user_email um-field-text um-field-type_text\" data-key=\"user_email\"><div class=\"um-field-label\"><label for=\"user_email-133\">\u0410\u0434\u0440\u0435\u0441 \u044d\u043b\u0435\u043a\u0442\u0440\u043e\u043d\u043d\u043e\u0439 \u043f\u043e\u0447\u0442\u044b<\/label><div class=\"um-clear\"><\/div><\/div><div class=\"um-field-area\"><input  autocomplete=\"off\" class=\"um-form-field valid\" type=\"text\" name=\"user_email-133\" id=\"user_email-133\" value=\"\" placeholder=\"\" data-validate=\"unique_email\" data-key=\"user_email\"  aria-invalid=\"false\" \/>\n\n\t\t\t\t\t\t<\/div><\/div><div  id=\"um_field_133_user_password\" class=\"um-field um-field-password  um-field-user_password um-field-password um-field-type_password\" data-key=\"user_password\"><div class=\"um-field-label\"><label for=\"user_password-133\">\u043f\u0430\u0440\u043e\u043b\u044c<span class=\"um-req\" title=\"\u041e\u0431\u044f\u0437\u0430\u0442\u0435\u043b\u044c\u043d\u043e\">*<\/span><\/label><div class=\"um-clear\"><\/div><\/div><div class=\"um-field-area\"><div class=\"um-field-area-password\">\n\t\t\t\t\t\t\t\t\t<input class=\"um-form-field valid\" type=\"password\" name=\"user_password-133\" id=\"user_password-133\" value=\"\" placeholder=\"\" data-validate=\"\" data-key=\"user_password\"  aria-invalid=\"false\" \/>\n\t\t\t\t\t\t\t\t\t<span class=\"um-toggle-password\"><i class=\"um-icon-eye\"><\/i><\/span>\n\t\t\t\t\t\t\t\t<\/div>\n\t\t\t\t\t\t\t<\/div><\/div><div  id=\"um_field_133_confirm_user_password\" class=\"um-field um-field-password  um-field-user_password um-field-password um-field-type_password\" data-key=\"confirm_user_password\"><div class=\"um-field-label\"><label for=\"confirm_user_password-133\">\u041f\u043e\u0434\u0442\u0432\u0435\u0440\u0434\u0438\u0442\u044c Passwort<span class=\"um-req\" title=\"\u041e\u0431\u044f\u0437\u0430\u0442\u0435\u043b\u044c\u043d\u043e\">*<\/span><\/label><div class=\"um-clear\"><\/div><\/div><div class=\"um-field-area\"><div class=\"um-field-area-password\"><input class=\"um-form-field valid\" type=\"password\" name=\"confirm_user_password-133\" id=\"confirm_user_password-133\" value=\"\" placeholder=\"\u041f\u043e\u0434\u0442\u0432\u0435\u0440\u0434\u0438\u0442\u044c Passwort\" data-validate=\"\" data-key=\"confirm_user_password\"  aria-invalid=\"false\" \/><span class=\"um-toggle-password\"><i class=\"um-icon-eye\"><\/i><\/span><\/div><\/div><\/div><div  id=\"um_field_133_userId\" class=\"um-field um-field-file  um-field-userId um-field-file um-field-type_file\" data-key=\"userId\" data-mode=\"register\" data-upload-label=\"Hochladen\"><input type=\"hidden\" name=\"userId-133\" id=\"userId-133\" value=\"\"  aria-invalid=\"false\" \/><div class=\"um-field-label\"><label for=\"userId-133\">\u0443\u0434\u043e\u0441\u0442\u043e\u0432\u0435\u0440\u0435\u043d\u0438\u0435 \u043b\u0438\u0447\u043d\u043e\u0441\u0442\u0438 \/ \u043f\u0430\u0441\u043f\u043e\u0440\u0442<\/label><div class=\"um-clear\"><\/div><\/div><div class=\"um-field-area\" style=\"text-align: center;\"><div class=\"um-single-file-preview\" data-key=\"userId\"><\/div><a href=\"#\" data-modal=\"um_upload_single\" data-modal-size=\"normal\" data-modal-copy=\"1\" class=\"um-button um-btn-auto-width\">\u0417\u0430\u0433\u0440\u0443\u0437\u0438\u0442\u044c<\/a><\/div><div class=\"um-modal-hidden-content\"><div class=\"um-modal-header\"> \u0443\u0434\u043e\u0441\u0442\u043e\u0432\u0435\u0440\u0435\u043d\u0438\u0435 \u043b\u0438\u0447\u043d\u043e\u0441\u0442\u0438 \/ \u043f\u0430\u0441\u043f\u043e\u0440\u0442<\/div><div class=\"um-modal-body\"><div class=\"um-single-file-preview\">\n\t\t\t\t\t\t\t\t\t\t<a href=\"javascript:void(0);\" class=\"cancel\"><i class=\"um-icon-close\"><\/i><\/a>\n\t\t\t\t\t\t\t\t\t\t<div class=\"um-single-fileinfo\">\n\t\t\t\t\t\t\t\t\t\t\t<a href=\"\" target=\"_blank\">\n\t\t\t\t\t\t\t\t\t\t\t\t<span class=\"icon\"><i><\/i><\/span>\n\t\t\t\t\t\t\t\t\t\t\t\t<span class=\"filename\"><\/span>\n\t\t\t\t\t\t\t\t\t\t\t<\/a>\n\t\t\t\t\t\t\t\t\t\t<\/div>\n\t\t\t\t\t\t\t\t<\/div><div class=\"um-single-file-upload\" data-user_id=\"\" data-timestamp=\"1778007142\" data-nonce=\"09670144e1\"  data-set_id=\"133\" data-set_mode=\"register\" data-type=\"file\" data-key=\"userId\" data-max_size=\"999999999\" data-max_size_error=\"\u042d\u0442\u043e\u0442 \u0444\u0430\u0439\u043b \u0441\u043b\u0438\u0448\u043a\u043e\u043c \u0431\u043e\u043b\u044c\u0448\u043e\u0439!\" data-min_size_error=\"\u042d\u0442\u043e\u0442 \u0444\u0430\u0439\u043b \u0441\u043b\u0438\u0448\u043a\u043e\u043c \u043c\u0430\u043b\u0435\u043d\u044c\u043a\u0438\u0439!\" data-extension_error=\"\u0418\u0437\u0432\u0438\u043d\u0438\u0442\u0435, \u044d\u0442\u043e \u043d\u0435\u043a\u043e\u0440\u0440\u0435\u043a\u0442\u043d\u044b\u0439 \u0442\u0438\u043f \u0444\u0430\u0439\u043b\u0430.\"  data-allowed_types=\"pdf,jpg,jpeg,png\" data-upload_text=\"Datei einf\u00fcgen\" data-max_files_error=\"\u0412\u044b \u043c\u043e\u0436\u0435\u0442\u0435 \u0437\u0430\u0433\u0440\u0443\u0437\u0438\u0442\u044c \u0442\u043e\u043b\u044c\u043a\u043e \u043e\u0434\u0438\u043d \u0444\u0430\u0439\u043b\" data-upload_help_text=\"\">\u0417\u0430\u0433\u0440\u0443\u0437\u0438\u0442\u044c<\/div><div class=\"um-modal-footer\">\n\t\t\t\t\t\t\t\t\t<div class=\"um-modal-right\">\n\t\t\t\t\t\t\t\t\t\t<a href=\"javascript:void(0);\" class=\"um-modal-btn um-finish-upload file disabled\" data-key=\"userId\" data-change=\"\u0418\u0437\u043c\u0435\u043d\u0438\u0442\u044c \u0444\u0430\u0439\u043b\" data-processing=\"\u041e\u0431\u0440\u0430\u0431\u043e\u0442\u043a\u0430...\"> \u0421\u043e\u0445\u0440\u0430\u043d\u0438\u0442\u044c<\/a>\n\t\t\t\t\t\t\t\t\t\t<a href=\"javascript:void(0);\" class=\"um-modal-btn alt\" data-action=\"um_remove_modal\"> \u041e\u0442\u043c\u0435\u043d\u0430<\/a>\n\t\t\t\t\t\t\t\t\t<\/div>\n\t\t\t\t\t\t\t\t\t<div class=\"um-clear\"><\/div>\n\t\t\t\t\t\t\t\t<\/div><\/div><\/div><\/div><div  id=\"um_field_133_privacy\" class=\"um-field um-field-radio  um-field-privacy um-field-radio um-field-type_radio\" data-key=\"privacy\"  aria-invalid=\"false\" ><div class=\"um-field-area\"><label class=\"um-field-radio  um-field-half\"><input  type=\"radio\" name=\"privacy[]\" value=\"Hiermit best\u00e4tige ich, dass ich die Datenschutzerkl\u00e4rung gelesen habe und akzeptiere.\"  \/><span class=\"um-field-radio-state\"><i class=\"um-icon-android-radio-button-off\"><\/i><\/span><span class=\"um-field-radio-option\">Hiermit best\u00e4tige ich, dass ich die Datenschutzerkl\u00e4rung gelesen habe und akzeptiere.<\/span><\/label><div class=\"um-clear\"><\/div><\/div><\/div><div  id=\"um_field_133_privacy_14\" class=\"um-field um-field-radio  um-field-privacy_14 um-field-radio um-field-type_radio\" data-key=\"privacy_14\"  aria-invalid=\"false\" ><div class=\"um-field-area\"><label class=\"um-field-radio  um-field-half\"><input  type=\"radio\" name=\"privacy_14[]\" value=\"Hiermit best\u00e4tige ich, dass ich die Nutzerordnung gelesen habe und diese akzeptiere.\"  \/><span class=\"um-field-radio-state\"><i class=\"um-icon-android-radio-button-off\"><\/i><\/span><span class=\"um-field-radio-option\">Hiermit best\u00e4tige ich, dass ich die Nutzerordnung gelesen habe und diese akzeptiere.<\/span><\/label><div class=\"um-clear\"><\/div><\/div><\/div><div  class=\"um-field um-field-block  um-field-block um-field-type_block\" data-key=\"um_block_133_15\"><a href=\"https:\/\/jgemeinde-bs.de\/ru\/datenschutz\/\" target=\"_blank\" rel=\"noopener\">\u041f\u043e\u043b\u0438\u0442\u0438\u043a\u0430 \u043a\u043e\u043d\u0444\u0438\u0434\u0435\u043d\u0446\u0438\u0430\u043b\u044c\u043d\u043e\u0441\u0442\u0438<\/a> .<br><a href=\"https:\/\/jgemeinde-bs.de\/wp-content\/uploads\/Nutzerordnung_Mitgliederbereich.pdf\" target=\"_blank\" rel=\"noopener\">\u041f\u043e\u043b\u044c\u0437\u043e\u0432\u0430\u0442\u0435\u043b\u044c\u0441\u043a\u043e\u0435 \u0441\u043e\u0433\u043b\u0430\u0448\u0435\u043d\u0438\u0435<\/a> .<\/div><\/div><div class=\"um-clear\"><\/div><\/div>\t<input type=\"hidden\" name=\"form_id\" id=\"form_id_133\" value=\"133\" \/>\n\t\t<p class=\"um_request_name\">\n\t\t<label for=\"um_request_133\">\u0417\u0430\u043f\u043e\u043b\u043d\u044f\u0439\u0442\u0435 \u043f\u043e\u043b\u0435 \u0442\u043e\u043b\u044c\u043a\u043e \u0432 \u0442\u043e\u043c \u0441\u043b\u0443\u0447\u0430\u0435, \u0435\u0441\u043b\u0438 \u0432\u044b \u043d\u0435 \u0447\u0435\u043b\u043e\u0432\u0435\u043a.<\/label>\n\t\t<input type=\"hidden\" name=\"um_request\" id=\"um_request_133\" class=\"input\" value=\"\" size=\"25\" autocomplete=\"off\" \/>\n\t<\/p>\n\t<input type=\"hidden\" id=\"_wpnonce\" name=\"_wpnonce\" value=\"4ac22551b1\" \/><input type=\"hidden\" name=\"_wp_http_referer\" value=\"\/ru\/wp-json\/wp\/v2\/pages\/141\" \/>\n\t<div class=\"um-col-alt\">\n\n\t\t\n\t\t\t<div class=\"um-center\">\n\t\t\t\t<input type=\"submit\" value=\"Absenden\" class=\"um-button\" id=\"um-submit-btn\" \/>\n\t\t\t<\/div>\n\n\t\t\n\t\t<div class=\"um-clear\"><\/div>\n\n\t<\/div>\n\n\t\t\t<input type=\"hidden\" name=\"trp-form-language\" value=\"ru\"\/><\/form>\n\t<\/div>\n<\/div>\n<style>\n\t\t\t.um-133.um {\n\t\t\tmax-width: 800px;\n\t\t}\n\t\t<\/style>\n<\/div>\n\t\t\t\t\t\t<\/div>\n\t\t\t\t<\/div>\n\t\t\t\t\t<\/div>\n\t\t\t\t<\/div>\n\t\t\t\t<\/div>","protected":false},"excerpt":{"rendered":"<p>Zugang nur f\u00fcr Gemeindemitglieder.Wenn sie eine Mitgliedschaft beantragen wollen, schreiben Sie uns bitte an info@jgemeinde-bs.de.<\/p>","protected":false},"author":1,"featured_media":0,"parent":0,"menu_order":0,"comment_status":"closed","ping_status":"closed","template":"","meta":{"footnotes":""},"class_list":["post-141","page","type-page","status-publish","hentry"],"yoast_head":"<!-- This site is optimized with the Yoast SEO plugin v26.4 - https:\/\/yoast.com\/wordpress\/plugins\/seo\/ -->\n<title>Zugang zum Mitgliederbereich beantragen - J\u00fcdische Gemeinde Braunschweig K.d.\u00f6.R<\/title>\n<meta name=\"robots\" content=\"index, follow, max-snippet:-1, max-image-preview:large, max-video-preview:-1\" \/>\n<link rel=\"canonical\" href=\"https:\/\/jgemeinde-bs.de\/ru\/register\/\" \/>\n<meta property=\"og:locale\" content=\"ru_RU\" \/>\n<meta property=\"og:type\" content=\"article\" \/>\n<meta property=\"og:title\" content=\"Zugang zum Mitgliederbereich beantragen - J\u00fcdische Gemeinde Braunschweig K.d.\u00f6.R\" \/>\n<meta property=\"og:description\" content=\"Zugang nur f\u00fcr Gemeindemitglieder.Wenn sie eine Mitgliedschaft beantragen wollen, schreiben Sie uns bitte an info@jgemeinde-bs.de.\" \/>\n<meta property=\"og:url\" content=\"https:\/\/jgemeinde-bs.de\/ru\/register\/\" \/>\n<meta property=\"og:site_name\" content=\"J\u00fcdische Gemeinde Braunschweig K.d.\u00f6.R\" \/>\n<meta property=\"article:modified_time\" content=\"2024-11-18T00:32:33+00:00\" \/>\n<meta name=\"twitter:card\" content=\"summary_large_image\" \/>\n<meta name=\"twitter:label1\" content=\"\u041f\u0440\u0438\u043c\u0435\u0440\u043d\u043e\u0435 \u0432\u0440\u0435\u043c\u044f \u0434\u043b\u044f \u0447\u0442\u0435\u043d\u0438\u044f\" \/>\n\t<meta name=\"twitter:data1\" content=\"1 \u043c\u0438\u043d\u0443\u0442\u0430\" \/>\n<script type=\"application\/ld+json\" class=\"yoast-schema-graph\">{\"@context\":\"https:\/\/schema.org\",\"@graph\":[{\"@type\":\"WebPage\",\"@id\":\"https:\/\/jgemeinde-bs.de\/register\/\",\"url\":\"https:\/\/jgemeinde-bs.de\/register\/\",\"name\":\"Zugang zum Mitgliederbereich beantragen - J\u00fcdische Gemeinde Braunschweig K.d.\u00f6.R\",\"isPartOf\":{\"@id\":\"https:\/\/jgemeinde-bs.de\/#website\"},\"datePublished\":\"2024-07-29T21:15:34+00:00\",\"dateModified\":\"2024-11-18T00:32:33+00:00\",\"breadcrumb\":{\"@id\":\"https:\/\/jgemeinde-bs.de\/register\/#breadcrumb\"},\"inLanguage\":\"ru-RU\",\"potentialAction\":[{\"@type\":\"ReadAction\",\"target\":[\"https:\/\/jgemeinde-bs.de\/register\/\"]}]},{\"@type\":\"BreadcrumbList\",\"@id\":\"https:\/\/jgemeinde-bs.de\/register\/#breadcrumb\",\"itemListElement\":[{\"@type\":\"ListItem\",\"position\":1,\"name\":\"Startseite\",\"item\":\"https:\/\/jgemeinde-bs.de\/\"},{\"@type\":\"ListItem\",\"position\":2,\"name\":\"Zugang zum Mitgliederbereich beantragen\"}]},{\"@type\":\"WebSite\",\"@id\":\"https:\/\/jgemeinde-bs.de\/#website\",\"url\":\"https:\/\/jgemeinde-bs.de\/\",\"name\":\"J\u00fcdische Gemeinde Braunschweig K.d.\u00f6.R\",\"description\":\"\",\"publisher\":{\"@id\":\"https:\/\/jgemeinde-bs.de\/#organization\"},\"potentialAction\":[{\"@type\":\"SearchAction\",\"target\":{\"@type\":\"EntryPoint\",\"urlTemplate\":\"https:\/\/jgemeinde-bs.de\/?s={search_term_string}\"},\"query-input\":{\"@type\":\"PropertyValueSpecification\",\"valueRequired\":true,\"valueName\":\"search_term_string\"}}],\"inLanguage\":\"ru-RU\"},{\"@type\":\"Organization\",\"@id\":\"https:\/\/jgemeinde-bs.de\/#organization\",\"name\":\"J\u00fcdische Gemeinde Braunschweig K.d.\u00f6.R\",\"url\":\"https:\/\/jgemeinde-bs.de\/\",\"logo\":{\"@type\":\"ImageObject\",\"inLanguage\":\"ru-RU\",\"@id\":\"https:\/\/jgemeinde-bs.de\/#\/schema\/logo\/image\/\",\"url\":\"https:\/\/jgemeinde-bs.de\/wp-content\/uploads\/logo_jgb.webp\",\"contentUrl\":\"https:\/\/jgemeinde-bs.de\/wp-content\/uploads\/logo_jgb.webp\",\"width\":1815,\"height\":1595,\"caption\":\"J\u00fcdische Gemeinde Braunschweig K.d.\u00f6.R\"},\"image\":{\"@id\":\"https:\/\/jgemeinde-bs.de\/#\/schema\/logo\/image\/\"}}]}<\/script>\n<!-- \/ Yoast SEO plugin. -->","yoast_head_json":{"title":"Zugang zum Mitgliederbereich beantragen - J\u00fcdische Gemeinde Braunschweig K.d.\u00f6.R","robots":{"index":"index","follow":"follow","max-snippet":"max-snippet:-1","max-image-preview":"max-image-preview:large","max-video-preview":"max-video-preview:-1"},"canonical":"https:\/\/jgemeinde-bs.de\/ru\/register\/","og_locale":"ru_RU","og_type":"article","og_title":"Zugang zum Mitgliederbereich beantragen - J\u00fcdische Gemeinde Braunschweig K.d.\u00f6.R","og_description":"Zugang nur f\u00fcr Gemeindemitglieder.Wenn sie eine Mitgliedschaft beantragen wollen, schreiben Sie uns bitte an info@jgemeinde-bs.de.","og_url":"https:\/\/jgemeinde-bs.de\/ru\/register\/","og_site_name":"J\u00fcdische Gemeinde Braunschweig K.d.\u00f6.R","article_modified_time":"2024-11-18T00:32:33+00:00","twitter_card":"summary_large_image","twitter_misc":{"\u041f\u0440\u0438\u043c\u0435\u0440\u043d\u043e\u0435 \u0432\u0440\u0435\u043c\u044f \u0434\u043b\u044f \u0447\u0442\u0435\u043d\u0438\u044f":"1 \u043c\u0438\u043d\u0443\u0442\u0430"},"schema":{"@context":"https:\/\/schema.org","@graph":[{"@type":"WebPage","@id":"https:\/\/jgemeinde-bs.de\/register\/","url":"https:\/\/jgemeinde-bs.de\/register\/","name":"Zugang zum Mitgliederbereich beantragen - J\u00fcdische Gemeinde Braunschweig K.d.\u00f6.R","isPartOf":{"@id":"https:\/\/jgemeinde-bs.de\/#website"},"datePublished":"2024-07-29T21:15:34+00:00","dateModified":"2024-11-18T00:32:33+00:00","breadcrumb":{"@id":"https:\/\/jgemeinde-bs.de\/register\/#breadcrumb"},"inLanguage":"ru-RU","potentialAction":[{"@type":"ReadAction","target":["https:\/\/jgemeinde-bs.de\/register\/"]}]},{"@type":"BreadcrumbList","@id":"https:\/\/jgemeinde-bs.de\/register\/#breadcrumb","itemListElement":[{"@type":"ListItem","position":1,"name":"Startseite","item":"https:\/\/jgemeinde-bs.de\/"},{"@type":"ListItem","position":2,"name":"Zugang zum Mitgliederbereich beantragen"}]},{"@type":"WebSite","@id":"https:\/\/jgemeinde-bs.de\/#website","url":"https:\/\/jgemeinde-bs.de\/","name":"\u0415\u0432\u0440\u0435\u0439\u0441\u043a\u0430\u044f \u043e\u0431\u0449\u0438\u043d\u0430 \u0411\u0440\u0430\u0443\u043d\u0448\u0432\u0435\u0439\u0433\u0430, \u0433\u043e\u0441\u0443\u0434\u0430\u0440\u0441\u0442\u0432\u0435\u043d\u043d\u0430\u044f \u043a\u043e\u0440\u043f\u043e\u0440\u0430\u0446\u0438\u044f","description":"","publisher":{"@id":"https:\/\/jgemeinde-bs.de\/#organization"},"potentialAction":[{"@type":"SearchAction","target":{"@type":"EntryPoint","urlTemplate":"https:\/\/jgemeinde-bs.de\/?s={search_term_string}"},"query-input":{"@type":"PropertyValueSpecification","valueRequired":true,"valueName":"search_term_string"}}],"inLanguage":"ru-RU"},{"@type":"Organization","@id":"https:\/\/jgemeinde-bs.de\/#organization","name":"\u0415\u0432\u0440\u0435\u0439\u0441\u043a\u0430\u044f \u043e\u0431\u0449\u0438\u043d\u0430 \u0411\u0440\u0430\u0443\u043d\u0448\u0432\u0435\u0439\u0433\u0430, \u0433\u043e\u0441\u0443\u0434\u0430\u0440\u0441\u0442\u0432\u0435\u043d\u043d\u0430\u044f \u043a\u043e\u0440\u043f\u043e\u0440\u0430\u0446\u0438\u044f","url":"https:\/\/jgemeinde-bs.de\/","logo":{"@type":"ImageObject","inLanguage":"ru-RU","@id":"https:\/\/jgemeinde-bs.de\/#\/schema\/logo\/image\/","url":"https:\/\/jgemeinde-bs.de\/wp-content\/uploads\/logo_jgb.webp","contentUrl":"https:\/\/jgemeinde-bs.de\/wp-content\/uploads\/logo_jgb.webp","width":1815,"height":1595,"caption":"J\u00fcdische Gemeinde Braunschweig K.d.\u00f6.R"},"image":{"@id":"https:\/\/jgemeinde-bs.de\/#\/schema\/logo\/image\/"}}]}},"_links":{"self":[{"href":"https:\/\/jgemeinde-bs.de\/ru\/wp-json\/wp\/v2\/pages\/141","targetHints":{"allow":["GET"]}}],"collection":[{"href":"https:\/\/jgemeinde-bs.de\/ru\/wp-json\/wp\/v2\/pages"}],"about":[{"href":"https:\/\/jgemeinde-bs.de\/ru\/wp-json\/wp\/v2\/types\/page"}],"author":[{"embeddable":true,"href":"https:\/\/jgemeinde-bs.de\/ru\/wp-json\/wp\/v2\/users\/1"}],"replies":[{"embeddable":true,"href":"https:\/\/jgemeinde-bs.de\/ru\/wp-json\/wp\/v2\/comments?post=141"}],"version-history":[{"count":14,"href":"https:\/\/jgemeinde-bs.de\/ru\/wp-json\/wp\/v2\/pages\/141\/revisions"}],"predecessor-version":[{"id":3905,"href":"https:\/\/jgemeinde-bs.de\/ru\/wp-json\/wp\/v2\/pages\/141\/revisions\/3905"}],"wp:attachment":[{"href":"https:\/\/jgemeinde-bs.de\/ru\/wp-json\/wp\/v2\/media?parent=141"}],"curies":[{"name":"WP","href":"https:\/\/api.w.org\/{rel}","templated":true}]}}