{"id":140,"date":"2024-07-29T21:15:31","date_gmt":"2024-07-29T21:15:31","guid":{"rendered":"https:\/\/jgemeinde-bs.de\/index.php\/login\/"},"modified":"2024-11-18T01:31:21","modified_gmt":"2024-11-18T00:31:21","slug":"login","status":"publish","type":"page","link":"https:\/\/jgemeinde-bs.de\/ru\/login\/","title":{"rendered":"\u0412\u0445\u043e\u0434 \u0434\u043b\u044f \u0443\u0447\u0430\u0441\u0442\u043d\u0438\u043a\u043e\u0432"},"content":{"rendered":"<div data-elementor-type=\"wp-page\" data-elementor-id=\"140\" class=\"elementor elementor-140\" data-elementor-post-type=\"page\">\n\t\t\t\t<div class=\"elementor-element elementor-element-5e460f26 e-flex e-con-boxed e-con e-parent\" data-id=\"5e460f26\" data-element_type=\"container\">\n\t\t\t\t\t<div class=\"e-con-inner\">\n\t\t\t\t<div class=\"elementor-element elementor-element-7934c4b6 elementor-widget elementor-widget-shortcode\" data-id=\"7934c4b6\" data-element_type=\"widget\" data-widget_type=\"shortcode.default\">\n\t\t\t\t<div class=\"elementor-widget-container\">\n\t\t\t\t\t\t\t<div class=\"elementor-shortcode\">\n<div class=\"um um-login um-134\">\n\t<div class=\"um-form\">\n\t\t<form method=\"post\" action=\"\" autocomplete=\"off\" data-trp-original-action=\"\">\n\t\t\t<div class=\"um-row _um_row_1\" style=\"padding: 0px 0px 0px 0px;margin: 50px 0px 50px 0px;border-width: 0px 0px 0px 0px;border-style: solid;border-radius: 0px;\"><div class=\"um-col-1\"><div  id=\"um_field_134_user_email\" class=\"um-field um-field-text  um-field-user_email um-field-text um-field-type_text\" data-key=\"user_email\"><div class=\"um-field-label\"><label for=\"user_email-134\">\u0410\u0434\u0440\u0435\u0441 \u044d\u043b\u0435\u043a\u0442\u0440\u043e\u043d\u043d\u043e\u0439 \u043f\u043e\u0447\u0442\u044b<\/label><div class=\"um-clear\"><\/div><\/div><div class=\"um-field-area\"><input  autocomplete=\"off\" class=\"um-form-field valid\" type=\"text\" name=\"user_email-134\" id=\"user_email-134\" value=\"\" placeholder=\"\" data-validate=\"unique_email\" data-key=\"user_email\"  aria-invalid=\"false\" \/>\n\n\t\t\t\t\t\t<\/div><\/div><div  id=\"um_field_134_user_password\" class=\"um-field um-field-password  um-field-user_password um-field-password um-field-type_password\" data-key=\"user_password\"><div class=\"um-field-label\"><label for=\"user_password-134\">\u043f\u0430\u0440\u043e\u043b\u044c<span class=\"um-req\" title=\"\u041e\u0431\u044f\u0437\u0430\u0442\u0435\u043b\u044c\u043d\u043e\">*<\/span><\/label><div class=\"um-clear\"><\/div><\/div><div class=\"um-field-area\"><div class=\"um-field-area-password\">\n\t\t\t\t\t\t\t\t\t<input class=\"um-form-field valid\" type=\"password\" name=\"user_password-134\" id=\"user_password-134\" value=\"\" placeholder=\"\" data-validate=\"\" data-key=\"user_password\"  aria-invalid=\"false\" \/>\n\t\t\t\t\t\t\t\t\t<span class=\"um-toggle-password\"><i class=\"um-icon-eye\"><\/i><\/span>\n\t\t\t\t\t\t\t\t<\/div>\n\t\t\t\t\t\t\t<\/div><\/div><\/div><\/div>\t<input type=\"hidden\" name=\"form_id\" id=\"form_id_134\" value=\"134\" \/>\n\t\t<p class=\"um_request_name\">\n\t\t<label for=\"um_request_134\">\u0417\u0430\u043f\u043e\u043b\u043d\u044f\u0439\u0442\u0435 \u043f\u043e\u043b\u0435 \u0442\u043e\u043b\u044c\u043a\u043e \u0432 \u0442\u043e\u043c \u0441\u043b\u0443\u0447\u0430\u0435, \u0435\u0441\u043b\u0438 \u0432\u044b \u043d\u0435 \u0447\u0435\u043b\u043e\u0432\u0435\u043a.<\/label>\n\t\t<input type=\"hidden\" name=\"um_request\" id=\"um_request_134\" class=\"input\" value=\"\" size=\"25\" autocomplete=\"off\" \/>\n\t<\/p>\n\t<input type=\"hidden\" name=\"redirect_to\" id=\"redirect_to\" value=\"\/jgb\/index.php\/mitgliederbereich\/\" \/><input type=\"hidden\" id=\"_wpnonce\" name=\"_wpnonce\" value=\"9fa9e75293\" \/><input type=\"hidden\" name=\"_wp_http_referer\" value=\"\/ru\/wp-json\/wp\/v2\/pages\/140\" \/>\n\t<div class=\"um-col-alt\">\n\n\t\t\n\n\t\t\t<div class=\"um-field um-field-c\">\n\t\t\t\t<div class=\"um-field-area\">\n\t\t\t\t\t<label class=\"um-field-checkbox\">\n\t\t\t\t\t\t<input type=\"checkbox\" name=\"rememberme\" value=\"1\"  \/>\n\t\t\t\t\t\t<span class=\"um-field-checkbox-state\"><i class=\"um-icon-android-checkbox-outline-blank\"><\/i><\/span>\n\t\t\t\t\t\t<span class=\"um-field-checkbox-option\"> \u0417\u0430\u043f\u043e\u043c\u043d\u0438\u0442\u044c \u043c\u0435\u043d\u044f<\/span>\n\t\t\t\t\t<\/label>\n\t\t\t\t<\/div>\n\t\t\t<\/div>\n\n\t\t\t\t\t\t<div class=\"um-clear\"><\/div>\n\t\t\n\t\t\t<div class=\"um-left um-half\">\n\t\t\t\t<input type=\"submit\" value=\"\u0420\u0435\u0433\u0438\u0441\u0442\u0440\u0430\u0446\u0438\u044f\" class=\"um-button\" id=\"um-submit-btn\" \/>\n\t\t\t<\/div>\n\t\t\t<div class=\"um-right um-half\">\n\t\t\t\t<a href=\"https:\/\/jgemeinde-bs.de\/ru\/register\/\" class=\"um-button um-alt\">\n\t\t\t\t\t\u0417\u0430\u043f\u0440\u043e\u0441\u0438\u0442\u044c \u0434\u043e\u0441\u0442\u0443\u043f \u0432 \u043b\u0438\u0447\u043d\u044b\u0439 \u043a\u0430\u0431\u0438\u043d\u0435\u0442\t\t\t\t<\/a>\n\t\t\t<\/div>\n\n\t\t\n\t\t<div class=\"um-clear\"><\/div>\n\n\t<\/div>\n\n\t\n\t<div class=\"um-col-alt-b\">\n\t\t<a href=\"https:\/\/jgemeinde-bs.de\/ru\/password-reset\/\" class=\"um-link-alt\">\n\t\t\t\u0417\u0430\u0431\u044b\u043b\u0438 \u043f\u0430\u0440\u043e\u043b\u044c?\t\t<\/a>\n\t<\/div>\n\n\t\t\t<input type=\"hidden\" name=\"trp-form-language\" value=\"ru\"\/><\/form>\n\t<\/div>\n<\/div>\n<style>\n\t\t\t.um-134.um {\n\t\t\tmax-width: 3000px;\n\t\t}\n\t\t<\/style>\n<\/div>\n\t\t\t\t\t\t<\/div>\n\t\t\t\t<\/div>\n\t\t\t\t\t<\/div>\n\t\t\t\t<\/div>\n\t\t\t\t<\/div>","protected":false},"excerpt":{"rendered":"","protected":false},"author":1,"featured_media":0,"parent":0,"menu_order":0,"comment_status":"closed","ping_status":"closed","template":"","meta":{"footnotes":""},"class_list":["post-140","page","type-page","status-publish","hentry"],"yoast_head":"<!-- This site is optimized with the Yoast SEO plugin v26.4 - https:\/\/yoast.com\/wordpress\/plugins\/seo\/ -->\n<title>Login f\u00fcr Mitglieder - J\u00fcdische Gemeinde Braunschweig K.d.\u00f6.R<\/title>\n<meta name=\"robots\" content=\"index, follow, max-snippet:-1, max-image-preview:large, max-video-preview:-1\" \/>\n<link rel=\"canonical\" href=\"https:\/\/jgemeinde-bs.de\/ru\/login\/\" \/>\n<meta property=\"og:locale\" content=\"ru_RU\" \/>\n<meta property=\"og:type\" content=\"article\" \/>\n<meta property=\"og:title\" content=\"Login f\u00fcr Mitglieder - J\u00fcdische Gemeinde Braunschweig K.d.\u00f6.R\" \/>\n<meta property=\"og:url\" content=\"https:\/\/jgemeinde-bs.de\/ru\/login\/\" \/>\n<meta property=\"og:site_name\" content=\"J\u00fcdische Gemeinde Braunschweig K.d.\u00f6.R\" \/>\n<meta property=\"article:modified_time\" content=\"2024-11-18T00:31:21+00:00\" \/>\n<meta name=\"twitter:card\" content=\"summary_large_image\" \/>\n<script type=\"application\/ld+json\" class=\"yoast-schema-graph\">{\"@context\":\"https:\/\/schema.org\",\"@graph\":[{\"@type\":\"WebPage\",\"@id\":\"https:\/\/jgemeinde-bs.de\/login\/\",\"url\":\"https:\/\/jgemeinde-bs.de\/login\/\",\"name\":\"Login f\u00fcr Mitglieder - J\u00fcdische Gemeinde Braunschweig K.d.\u00f6.R\",\"isPartOf\":{\"@id\":\"https:\/\/jgemeinde-bs.de\/#website\"},\"datePublished\":\"2024-07-29T21:15:31+00:00\",\"dateModified\":\"2024-11-18T00:31:21+00:00\",\"breadcrumb\":{\"@id\":\"https:\/\/jgemeinde-bs.de\/login\/#breadcrumb\"},\"inLanguage\":\"ru-RU\",\"potentialAction\":[{\"@type\":\"ReadAction\",\"target\":[\"https:\/\/jgemeinde-bs.de\/login\/\"]}]},{\"@type\":\"BreadcrumbList\",\"@id\":\"https:\/\/jgemeinde-bs.de\/login\/#breadcrumb\",\"itemListElement\":[{\"@type\":\"ListItem\",\"position\":1,\"name\":\"Startseite\",\"item\":\"https:\/\/jgemeinde-bs.de\/\"},{\"@type\":\"ListItem\",\"position\":2,\"name\":\"Login f\u00fcr Mitglieder\"}]},{\"@type\":\"WebSite\",\"@id\":\"https:\/\/jgemeinde-bs.de\/#website\",\"url\":\"https:\/\/jgemeinde-bs.de\/\",\"name\":\"J\u00fcdische Gemeinde Braunschweig K.d.\u00f6.R\",\"description\":\"\",\"publisher\":{\"@id\":\"https:\/\/jgemeinde-bs.de\/#organization\"},\"potentialAction\":[{\"@type\":\"SearchAction\",\"target\":{\"@type\":\"EntryPoint\",\"urlTemplate\":\"https:\/\/jgemeinde-bs.de\/?s={search_term_string}\"},\"query-input\":{\"@type\":\"PropertyValueSpecification\",\"valueRequired\":true,\"valueName\":\"search_term_string\"}}],\"inLanguage\":\"ru-RU\"},{\"@type\":\"Organization\",\"@id\":\"https:\/\/jgemeinde-bs.de\/#organization\",\"name\":\"J\u00fcdische Gemeinde Braunschweig K.d.\u00f6.R\",\"url\":\"https:\/\/jgemeinde-bs.de\/\",\"logo\":{\"@type\":\"ImageObject\",\"inLanguage\":\"ru-RU\",\"@id\":\"https:\/\/jgemeinde-bs.de\/#\/schema\/logo\/image\/\",\"url\":\"https:\/\/jgemeinde-bs.de\/wp-content\/uploads\/logo_jgb.webp\",\"contentUrl\":\"https:\/\/jgemeinde-bs.de\/wp-content\/uploads\/logo_jgb.webp\",\"width\":1815,\"height\":1595,\"caption\":\"J\u00fcdische Gemeinde Braunschweig K.d.\u00f6.R\"},\"image\":{\"@id\":\"https:\/\/jgemeinde-bs.de\/#\/schema\/logo\/image\/\"}}]}<\/script>\n<!-- \/ Yoast SEO plugin. -->","yoast_head_json":{"title":"\u0412\u0445\u043e\u0434 \u0434\u043b\u044f \u0443\u0447\u0430\u0441\u0442\u043d\u0438\u043a\u043e\u0432 - \u0415\u0432\u0440\u0435\u0439\u0441\u043a\u0430\u044f \u043e\u0431\u0449\u0438\u043d\u0430 \u0411\u0440\u0430\u0443\u043d\u0448\u0432\u0435\u0439\u0433\u0430 (Kd\u00f6.R)","robots":{"index":"index","follow":"follow","max-snippet":"max-snippet:-1","max-image-preview":"max-image-preview:large","max-video-preview":"max-video-preview:-1"},"canonical":"https:\/\/jgemeinde-bs.de\/ru\/login\/","og_locale":"ru_RU","og_type":"article","og_title":"Login f\u00fcr Mitglieder - J\u00fcdische Gemeinde Braunschweig K.d.\u00f6.R","og_url":"https:\/\/jgemeinde-bs.de\/ru\/login\/","og_site_name":"J\u00fcdische Gemeinde Braunschweig K.d.\u00f6.R","article_modified_time":"2024-11-18T00:31:21+00:00","twitter_card":"summary_large_image","schema":{"@context":"https:\/\/schema.org","@graph":[{"@type":"WebPage","@id":"https:\/\/jgemeinde-bs.de\/login\/","url":"https:\/\/jgemeinde-bs.de\/login\/","name":"\u0412\u0445\u043e\u0434 \u0434\u043b\u044f \u0443\u0447\u0430\u0441\u0442\u043d\u0438\u043a\u043e\u0432 - \u0415\u0432\u0440\u0435\u0439\u0441\u043a\u0430\u044f \u043e\u0431\u0449\u0438\u043d\u0430 \u0411\u0440\u0430\u0443\u043d\u0448\u0432\u0435\u0439\u0433\u0430 (Kd\u00f6.R)","isPartOf":{"@id":"https:\/\/jgemeinde-bs.de\/#website"},"datePublished":"2024-07-29T21:15:31+00:00","dateModified":"2024-11-18T00:31:21+00:00","breadcrumb":{"@id":"https:\/\/jgemeinde-bs.de\/login\/#breadcrumb"},"inLanguage":"ru-RU","potentialAction":[{"@type":"ReadAction","target":["https:\/\/jgemeinde-bs.de\/login\/"]}]},{"@type":"BreadcrumbList","@id":"https:\/\/jgemeinde-bs.de\/login\/#breadcrumb","itemListElement":[{"@type":"ListItem","position":1,"name":"Startseite","item":"https:\/\/jgemeinde-bs.de\/"},{"@type":"ListItem","position":2,"name":"Login f\u00fcr Mitglieder"}]},{"@type":"WebSite","@id":"https:\/\/jgemeinde-bs.de\/#website","url":"https:\/\/jgemeinde-bs.de\/","name":"\u0415\u0432\u0440\u0435\u0439\u0441\u043a\u0430\u044f \u043e\u0431\u0449\u0438\u043d\u0430 \u0411\u0440\u0430\u0443\u043d\u0448\u0432\u0435\u0439\u0433\u0430, \u0433\u043e\u0441\u0443\u0434\u0430\u0440\u0441\u0442\u0432\u0435\u043d\u043d\u0430\u044f \u043a\u043e\u0440\u043f\u043e\u0440\u0430\u0446\u0438\u044f","description":"","publisher":{"@id":"https:\/\/jgemeinde-bs.de\/#organization"},"potentialAction":[{"@type":"SearchAction","target":{"@type":"EntryPoint","urlTemplate":"https:\/\/jgemeinde-bs.de\/?s={search_term_string}"},"query-input":{"@type":"PropertyValueSpecification","valueRequired":true,"valueName":"search_term_string"}}],"inLanguage":"ru-RU"},{"@type":"Organization","@id":"https:\/\/jgemeinde-bs.de\/#organization","name":"\u0415\u0432\u0440\u0435\u0439\u0441\u043a\u0430\u044f \u043e\u0431\u0449\u0438\u043d\u0430 \u0411\u0440\u0430\u0443\u043d\u0448\u0432\u0435\u0439\u0433\u0430, \u0433\u043e\u0441\u0443\u0434\u0430\u0440\u0441\u0442\u0432\u0435\u043d\u043d\u0430\u044f \u043a\u043e\u0440\u043f\u043e\u0440\u0430\u0446\u0438\u044f","url":"https:\/\/jgemeinde-bs.de\/","logo":{"@type":"ImageObject","inLanguage":"ru-RU","@id":"https:\/\/jgemeinde-bs.de\/#\/schema\/logo\/image\/","url":"https:\/\/jgemeinde-bs.de\/wp-content\/uploads\/logo_jgb.webp","contentUrl":"https:\/\/jgemeinde-bs.de\/wp-content\/uploads\/logo_jgb.webp","width":1815,"height":1595,"caption":"J\u00fcdische Gemeinde Braunschweig K.d.\u00f6.R"},"image":{"@id":"https:\/\/jgemeinde-bs.de\/#\/schema\/logo\/image\/"}}]}},"_links":{"self":[{"href":"https:\/\/jgemeinde-bs.de\/ru\/wp-json\/wp\/v2\/pages\/140","targetHints":{"allow":["GET"]}}],"collection":[{"href":"https:\/\/jgemeinde-bs.de\/ru\/wp-json\/wp\/v2\/pages"}],"about":[{"href":"https:\/\/jgemeinde-bs.de\/ru\/wp-json\/wp\/v2\/types\/page"}],"author":[{"embeddable":true,"href":"https:\/\/jgemeinde-bs.de\/ru\/wp-json\/wp\/v2\/users\/1"}],"replies":[{"embeddable":true,"href":"https:\/\/jgemeinde-bs.de\/ru\/wp-json\/wp\/v2\/comments?post=140"}],"version-history":[{"count":10,"href":"https:\/\/jgemeinde-bs.de\/ru\/wp-json\/wp\/v2\/pages\/140\/revisions"}],"predecessor-version":[{"id":3896,"href":"https:\/\/jgemeinde-bs.de\/ru\/wp-json\/wp\/v2\/pages\/140\/revisions\/3896"}],"wp:attachment":[{"href":"https:\/\/jgemeinde-bs.de\/ru\/wp-json\/wp\/v2\/media?parent=140"}],"curies":[{"name":"WP","href":"https:\/\/api.w.org\/{rel}","templated":true}]}}