{"id":139,"date":"2024-07-29T21:15:27","date_gmt":"2024-07-29T21:15:27","guid":{"rendered":"https:\/\/jgemeinde-bs.de\/index.php\/password-reset\/"},"modified":"2024-07-29T21:15:27","modified_gmt":"2024-07-29T21:15:27","slug":"password-reset","status":"publish","type":"page","link":"https:\/\/jgemeinde-bs.de\/ru\/password-reset\/","title":{"rendered":"\u0421\u0431\u0440\u043e\u0441\u0438\u0442\u044c \u043f\u0430\u0440\u043e\u043b\u044c"},"content":{"rendered":"<div class=\"um um-password um-um_password_id\">\n\t<div class=\"um-form\">\n\t\t<form method=\"post\" action=\"\" data-trp-original-action=\"\">\n\t\t\t\n\t\t\t\t<input type=\"hidden\" name=\"_um_password_reset\" id=\"_um_password_reset\" value=\"1\" \/>\n\n\t\t\t\t\t\t\t\t\t<div class=\"um-field um-field-block um-field-type_block\">\n\t\t\t\t\t\t<div class=\"um-field-block\">\n\t\t\t\t\t\t\t<div style=\"text-align:center;\">\n\t\t\t\t\t\t\t\t\u0414\u043b\u044f \u0441\u0431\u0440\u043e\u0441\u0430 \u0432\u0430\u0448\u0435\u0433\u043e \u043f\u0430\u0440\u043e\u043b\u044f \u043d\u0435\u043e\u0431\u0445\u043e\u0434\u0438\u043c\u043e \u0432\u0432\u0435\u0441\u0442\u0438 \u0432\u0430\u0448 email \u0438\u043b\u0438 \u0438\u043c\u044f \u043f\u043e\u043b\u044c\u0437\u043e\u0432\u0430\u0442\u0435\u043b\u044f \u043d\u0438\u0436\u0435.\t\t\t\t\t\t\t<\/div>\n\t\t\t\t\t\t<\/div>\n\t\t\t\t\t<\/div>\n\t\t\t\t\t<div  id=\"um_field_0_username_b\" class=\"um-field um-field-text  um-field-username_b um-field-text um-field-type_text\" data-key=\"username_b\"><div class=\"um-field-area\"><input  autocomplete=\"off\" class=\"um-form-field valid\" type=\"text\" name=\"username_b\" id=\"username_b\" value=\"\" placeholder=\"\u041f\u043e\u0436\u0430\u043b\u0443\u0439\u0441\u0442\u0430, \u0441\u043c\u043e\u0442\u0440\u0438\u0442\u0435 \u043d\u0430\u0437\u0432\u0430\u043d\u0438\u0435 \u0430\u0434\u0440\u0435\u0441\u0430 \u0438\u043b\u0438 \u0430\u0434\u0440\u0435\u0441 \u044d\u043b\u0435\u043a\u0442\u0440\u043e\u043d\u043d\u043e\u0439 \u043f\u043e\u0447\u0442\u044b.\" data-validate=\"\" data-key=\"username_b\"  aria-invalid=\"false\" \/>\n\n\t\t\t\t\t\t<\/div><\/div>\t\t\t\t<div class=\"um-col-alt um-col-alt-b\">\n\t\t\t\t\t<div class=\"um-center\">\n\t\t\t\t\t\t<input type=\"submit\" value=\"\u0421\u0431\u0440\u043e\u0441 \u043f\u0430\u0440\u043e\u043b\u044f\" class=\"um-button\" id=\"um-submit-btn\" \/>\n\t\t\t\t\t<\/div>\n\t\t\t\t\t<div class=\"um-clear\"><\/div>\n\t\t\t\t<\/div>\n\t\t\t\t\t<input type=\"hidden\" name=\"form_id\" id=\"form_id_um_password_id\" value=\"um_password_id\" \/>\n\t\t<p class=\"um_request_name\">\n\t\t<label for=\"um_request_um_password_id\">\u0417\u0430\u043f\u043e\u043b\u043d\u044f\u0439\u0442\u0435 \u043f\u043e\u043b\u0435 \u0442\u043e\u043b\u044c\u043a\u043e \u0432 \u0442\u043e\u043c \u0441\u043b\u0443\u0447\u0430\u0435, \u0435\u0441\u043b\u0438 \u0432\u044b \u043d\u0435 \u0447\u0435\u043b\u043e\u0432\u0435\u043a.<\/label>\n\t\t<input type=\"hidden\" name=\"um_request\" id=\"um_request_um_password_id\" class=\"input\" value=\"\" size=\"25\" autocomplete=\"off\" \/>\n\t<\/p>\n\t\t\t<input type=\"hidden\" name=\"trp-form-language\" value=\"ru\"\/><\/form>\n\t<\/div>\n<\/div>\n<style>\n\t\t\t.um-um_password_id.um {\n\t\t\tmax-width: 450px;\n\t\t}\n\t\t<\/style>","protected":false},"excerpt":{"rendered":"","protected":false},"author":1,"featured_media":0,"parent":0,"menu_order":0,"comment_status":"closed","ping_status":"closed","template":"","meta":{"footnotes":""},"class_list":["post-139","page","type-page","status-publish","hentry"],"yoast_head":"<!-- This site is optimized with the Yoast SEO plugin v26.4 - https:\/\/yoast.com\/wordpress\/plugins\/seo\/ -->\n<title>Passwort zur\u00fccksetzen - J\u00fcdische Gemeinde Braunschweig K.d.\u00f6.R<\/title>\n<meta name=\"robots\" content=\"index, follow, max-snippet:-1, max-image-preview:large, max-video-preview:-1\" \/>\n<link rel=\"canonical\" href=\"https:\/\/jgemeinde-bs.de\/ru\/password-reset\/\" \/>\n<meta property=\"og:locale\" content=\"ru_RU\" \/>\n<meta property=\"og:type\" content=\"article\" \/>\n<meta property=\"og:title\" content=\"Passwort zur\u00fccksetzen - J\u00fcdische Gemeinde Braunschweig K.d.\u00f6.R\" \/>\n<meta property=\"og:url\" content=\"https:\/\/jgemeinde-bs.de\/ru\/password-reset\/\" \/>\n<meta property=\"og:site_name\" content=\"J\u00fcdische Gemeinde Braunschweig K.d.\u00f6.R\" \/>\n<meta name=\"twitter:card\" content=\"summary_large_image\" \/>\n<script type=\"application\/ld+json\" class=\"yoast-schema-graph\">{\"@context\":\"https:\/\/schema.org\",\"@graph\":[{\"@type\":\"WebPage\",\"@id\":\"https:\/\/jgemeinde-bs.de\/password-reset\/\",\"url\":\"https:\/\/jgemeinde-bs.de\/password-reset\/\",\"name\":\"Passwort zur\u00fccksetzen - J\u00fcdische Gemeinde Braunschweig K.d.\u00f6.R\",\"isPartOf\":{\"@id\":\"https:\/\/jgemeinde-bs.de\/#website\"},\"datePublished\":\"2024-07-29T21:15:27+00:00\",\"breadcrumb\":{\"@id\":\"https:\/\/jgemeinde-bs.de\/password-reset\/#breadcrumb\"},\"inLanguage\":\"ru-RU\",\"potentialAction\":[{\"@type\":\"ReadAction\",\"target\":[\"https:\/\/jgemeinde-bs.de\/password-reset\/\"]}]},{\"@type\":\"BreadcrumbList\",\"@id\":\"https:\/\/jgemeinde-bs.de\/password-reset\/#breadcrumb\",\"itemListElement\":[{\"@type\":\"ListItem\",\"position\":1,\"name\":\"Startseite\",\"item\":\"https:\/\/jgemeinde-bs.de\/\"},{\"@type\":\"ListItem\",\"position\":2,\"name\":\"Passwort zur\u00fccksetzen\"}]},{\"@type\":\"WebSite\",\"@id\":\"https:\/\/jgemeinde-bs.de\/#website\",\"url\":\"https:\/\/jgemeinde-bs.de\/\",\"name\":\"J\u00fcdische Gemeinde Braunschweig K.d.\u00f6.R\",\"description\":\"\",\"publisher\":{\"@id\":\"https:\/\/jgemeinde-bs.de\/#organization\"},\"potentialAction\":[{\"@type\":\"SearchAction\",\"target\":{\"@type\":\"EntryPoint\",\"urlTemplate\":\"https:\/\/jgemeinde-bs.de\/?s={search_term_string}\"},\"query-input\":{\"@type\":\"PropertyValueSpecification\",\"valueRequired\":true,\"valueName\":\"search_term_string\"}}],\"inLanguage\":\"ru-RU\"},{\"@type\":\"Organization\",\"@id\":\"https:\/\/jgemeinde-bs.de\/#organization\",\"name\":\"J\u00fcdische Gemeinde Braunschweig K.d.\u00f6.R\",\"url\":\"https:\/\/jgemeinde-bs.de\/\",\"logo\":{\"@type\":\"ImageObject\",\"inLanguage\":\"ru-RU\",\"@id\":\"https:\/\/jgemeinde-bs.de\/#\/schema\/logo\/image\/\",\"url\":\"https:\/\/jgemeinde-bs.de\/wp-content\/uploads\/logo_jgb.webp\",\"contentUrl\":\"https:\/\/jgemeinde-bs.de\/wp-content\/uploads\/logo_jgb.webp\",\"width\":1815,\"height\":1595,\"caption\":\"J\u00fcdische Gemeinde Braunschweig K.d.\u00f6.R\"},\"image\":{\"@id\":\"https:\/\/jgemeinde-bs.de\/#\/schema\/logo\/image\/\"}}]}<\/script>\n<!-- \/ Yoast SEO plugin. -->","yoast_head_json":{"title":"Passwort zur\u00fccksetzen - J\u00fcdische Gemeinde Braunschweig K.d.\u00f6.R","robots":{"index":"index","follow":"follow","max-snippet":"max-snippet:-1","max-image-preview":"max-image-preview:large","max-video-preview":"max-video-preview:-1"},"canonical":"https:\/\/jgemeinde-bs.de\/ru\/password-reset\/","og_locale":"ru_RU","og_type":"article","og_title":"Passwort zur\u00fccksetzen - J\u00fcdische Gemeinde Braunschweig K.d.\u00f6.R","og_url":"https:\/\/jgemeinde-bs.de\/ru\/password-reset\/","og_site_name":"J\u00fcdische Gemeinde Braunschweig K.d.\u00f6.R","twitter_card":"summary_large_image","schema":{"@context":"https:\/\/schema.org","@graph":[{"@type":"WebPage","@id":"https:\/\/jgemeinde-bs.de\/password-reset\/","url":"https:\/\/jgemeinde-bs.de\/password-reset\/","name":"Passwort zur\u00fccksetzen - J\u00fcdische Gemeinde Braunschweig K.d.\u00f6.R","isPartOf":{"@id":"https:\/\/jgemeinde-bs.de\/#website"},"datePublished":"2024-07-29T21:15:27+00:00","breadcrumb":{"@id":"https:\/\/jgemeinde-bs.de\/password-reset\/#breadcrumb"},"inLanguage":"ru-RU","potentialAction":[{"@type":"ReadAction","target":["https:\/\/jgemeinde-bs.de\/password-reset\/"]}]},{"@type":"BreadcrumbList","@id":"https:\/\/jgemeinde-bs.de\/password-reset\/#breadcrumb","itemListElement":[{"@type":"ListItem","position":1,"name":"Startseite","item":"https:\/\/jgemeinde-bs.de\/"},{"@type":"ListItem","position":2,"name":"Passwort zur\u00fccksetzen"}]},{"@type":"WebSite","@id":"https:\/\/jgemeinde-bs.de\/#website","url":"https:\/\/jgemeinde-bs.de\/","name":"\u0415\u0432\u0440\u0435\u0439\u0441\u043a\u0430\u044f \u043e\u0431\u0449\u0438\u043d\u0430 \u0411\u0440\u0430\u0443\u043d\u0448\u0432\u0435\u0439\u0433\u0430, \u0433\u043e\u0441\u0443\u0434\u0430\u0440\u0441\u0442\u0432\u0435\u043d\u043d\u0430\u044f \u043a\u043e\u0440\u043f\u043e\u0440\u0430\u0446\u0438\u044f","description":"","publisher":{"@id":"https:\/\/jgemeinde-bs.de\/#organization"},"potentialAction":[{"@type":"SearchAction","target":{"@type":"EntryPoint","urlTemplate":"https:\/\/jgemeinde-bs.de\/?s={search_term_string}"},"query-input":{"@type":"PropertyValueSpecification","valueRequired":true,"valueName":"search_term_string"}}],"inLanguage":"ru-RU"},{"@type":"Organization","@id":"https:\/\/jgemeinde-bs.de\/#organization","name":"\u0415\u0432\u0440\u0435\u0439\u0441\u043a\u0430\u044f \u043e\u0431\u0449\u0438\u043d\u0430 \u0411\u0440\u0430\u0443\u043d\u0448\u0432\u0435\u0439\u0433\u0430, \u0433\u043e\u0441\u0443\u0434\u0430\u0440\u0441\u0442\u0432\u0435\u043d\u043d\u0430\u044f \u043a\u043e\u0440\u043f\u043e\u0440\u0430\u0446\u0438\u044f","url":"https:\/\/jgemeinde-bs.de\/","logo":{"@type":"ImageObject","inLanguage":"ru-RU","@id":"https:\/\/jgemeinde-bs.de\/#\/schema\/logo\/image\/","url":"https:\/\/jgemeinde-bs.de\/wp-content\/uploads\/logo_jgb.webp","contentUrl":"https:\/\/jgemeinde-bs.de\/wp-content\/uploads\/logo_jgb.webp","width":1815,"height":1595,"caption":"J\u00fcdische Gemeinde Braunschweig K.d.\u00f6.R"},"image":{"@id":"https:\/\/jgemeinde-bs.de\/#\/schema\/logo\/image\/"}}]}},"_links":{"self":[{"href":"https:\/\/jgemeinde-bs.de\/ru\/wp-json\/wp\/v2\/pages\/139","targetHints":{"allow":["GET"]}}],"collection":[{"href":"https:\/\/jgemeinde-bs.de\/ru\/wp-json\/wp\/v2\/pages"}],"about":[{"href":"https:\/\/jgemeinde-bs.de\/ru\/wp-json\/wp\/v2\/types\/page"}],"author":[{"embeddable":true,"href":"https:\/\/jgemeinde-bs.de\/ru\/wp-json\/wp\/v2\/users\/1"}],"replies":[{"embeddable":true,"href":"https:\/\/jgemeinde-bs.de\/ru\/wp-json\/wp\/v2\/comments?post=139"}],"version-history":[{"count":0,"href":"https:\/\/jgemeinde-bs.de\/ru\/wp-json\/wp\/v2\/pages\/139\/revisions"}],"wp:attachment":[{"href":"https:\/\/jgemeinde-bs.de\/ru\/wp-json\/wp\/v2\/media?parent=139"}],"curies":[{"name":"WP","href":"https:\/\/api.w.org\/{rel}","templated":true}]}}